{"id":2017,"date":"2022-01-11T15:52:56","date_gmt":"2022-01-11T12:52:56","guid":{"rendered":"https:\/\/wolvexmakina.com\/home-page\/"},"modified":"2022-04-14T09:50:15","modified_gmt":"2022-04-14T06:50:15","slug":"home-page","status":"publish","type":"page","link":"https:\/\/wolvexmakina.com\/en\/","title":{"rendered":"Home Page"},"content":{"rendered":"\n<p><p>Saws<br>h4<br>icon-lamp<br>top<br><img decoding=\"async\" src=\"https:\/\/wolvexmakina.com\/wp-content\/uploads\/2022\/01\/wolvex-icon-testere.png\" alt=\"wolvex-icon-testere\"><br><a href=\"https:\/\/wolvexmakina.com\/en\/urun-kategori\/saws\/\">https:\/\/wolvexmakina.com\/urun-kategori\/testereler\/<\/a><br>zoomIn<br><br>\u00d6zel Delici ve Kesici Tak\u0131mlar<br>h4<br>icon-lamp<br>top<br><img decoding=\"async\" src=\"https:\/\/wolvexmakina.com\/wp-content\/uploads\/2022\/01\/wolvex-icon-ozel-kesici-delici-takimlar.png\" alt=\"wolvex-icon-ozel-kesici-delici-takimlar\"><br><a href=\"https:\/\/wolvexmakina.com\/en\/urun-kategori\/special-cutting-and-drilling-tools\/\">https:\/\/wolvexmakina.com\/urun-kategori\/ozel-kesici-ve-delici-takimlar\/<\/a><br>zoomIn<br><br>Aluminum, PVC and Profile Processing Machines<br>h4<br>icon-lamp<br>top<br><img decoding=\"async\" src=\"https:\/\/wolvexmakina.com\/wp-content\/uploads\/wolvex-icon-aluminyum-pvc-profil-isleme-makineleri.png\" alt=\"wolvex-icon-aluminyum-pvc-profil-isleme-makineleri\"><br><a href=\"\/?product_cat=aluminyum-pvc-ve-profil-isleme-makineleri\">https:\/\/wolvexmakina.com\/urun-kategori\/urunler\/aluminyum-pvc-ve-profil-isleme-makineleri\/<\/a><br>zoomIn<br><br>Plastik Yap\u0131 \u00dcr\u00fcnleri<br>h4<br>icon-lamp<br>top<br><img decoding=\"async\" src=\"https:\/\/wolvexmakina.com\/wp-content\/uploads\/2022\/01\/wolvex-icon-plastik-yapi-urunleri.png\" alt=\"wolvex-icon-plastik-yapi-urunleri\"><br><a href=\"https:\/\/wolvexmakina.com\/en\/urun-kategori\/plastic-construction-products\/\">https:\/\/wolvexmakina.com\/urun-kategori\/plastik-yapi-urunleri\/<\/a><br>zoomIn<br><br>\u00dcr\u00fcn Kategorileri<br>icon<br><br><img decoding=\"async\" src=\"https:\/\/wolvexmakina.com\/wp-content\/uploads\/wolvex-icon-testere2.png\" alt=\"wolvex-icon-testere2\"><br>https:\/\/wolvexmakina.com\/wp-content\/uploads\/2022\/01\/wolvex-icon-testere.png<br><a href=\"https:\/\/wolvexmakina.com\/en\/urun-kategori\/saws\/\">https:\/\/wolvexmakina.com\/urun-kategori\/testereler\/<\/a><br><br><\/p><h4>Testereler<\/h4><br>Ba\u015fl\u0131k<br>center<br>center<br>no-repeat;center top;;<br>auto<br><br><img decoding=\"async\" src=\"https:\/\/wolvexmakina.com\/wp-content\/uploads\/wolvex-icon-ozel-kesici-delici-takimlar2.png\" alt=\"wolvex-icon-ozel-kesici-delici-takimlar2\"><br>https:\/\/wolvexmakina.com\/wp-content\/uploads\/2022\/01\/wolvex-icon-ozel-kesici-delici-takimlar.png<br><a href=\"https:\/\/wolvexmakina.com\/en\/urun-kategori\/special-cutting-and-drilling-tools\/\">https:\/\/wolvexmakina.com\/urun-kategori\/ozel-kesici-ve-delici-takimlar\/<\/a><br><br><h4>\u00d6zel Delici ve Kesici Tak\u0131mlar<\/h4><br>Ba\u015fl\u0131k<br>center<br>center<br>no-repeat;center top;;<br>auto<br><br><img decoding=\"async\" src=\"https:\/\/wolvexmakina.com\/wp-content\/uploads\/wolvex-icon-aluminyum-pvc-profil-isleme-makineleri2.png\" alt=\"wolvex-icon-aluminyum-pvc-profil-isleme-makineleri2\"><br>https:\/\/wolvexmakina.com\/wp-content\/uploads\/wolvex-icon-aluminyum-pvc-profil-isleme-makineleri.png<br><a href=\"\/?product_cat=aluminyum-pvc-ve-profil-isleme-makineleri\">https:\/\/wolvexmakina.com\/urun-kategori\/aluminyum-pvc-ve-profil-isleme-makineleri\/<\/a><br><br><h4>Aluminum, PVC and Profile Processing Machines<\/h4><br>Ba\u015fl\u0131k<br>center<br>center<br>no-repeat;center top;;<br>auto<br><br><img decoding=\"async\" src=\"https:\/\/wolvexmakina.com\/wp-content\/uploads\/wolvex-icon-plastik-yapi-urunleri2.png\" alt=\"wolvex-icon-plastik-yapi-urunleri2\"><br>https:\/\/wolvexmakina.com\/wp-content\/uploads\/2022\/01\/wolvex-icon-plastik-yapi-urunleri.png<br><a href=\"https:\/\/wolvexmakina.com\/en\/urun-kategori\/plastic-construction-products\/\">https:\/\/wolvexmakina.com\/urun-kategori\/plastik-yapi-urunleri\/<\/a><br><br><h4>Plastik Yap\u0131 \u00dcr\u00fcnleri<\/h4><br>Ba\u015fl\u0131k<br>center<br>center<br>no-repeat;center top;;<br>auto<br><br><img decoding=\"async\" src=\"https:\/\/wolvexmakina.com\/wp-content\/uploads\/2022\/01\/wolvex-makina-logo.png\" alt=\"wolvex-makina-logo\"><br>full<br><br><h3>B\u0130Z K\u0130M\u0130Z ?<\/h3>\n<br> Al\u00fcminyum ve Pvc profil i\u015fleme makineleri sekt\u00f6r\u00fcn\u00fcn lideri olan \u00d6Z\u00c7EL\u0130K MAK\u0130NE A.\u015e.\u2018nin resmi yetkili bayili\u011fini yapmaktay\u0131z. Bunun yan\u0131 s\u0131ra end\u00fcstriyel faaliyetlerde kullan\u0131lan makinalar\u0131n ve onlara ait tamamlay\u0131c\u0131 aksesuarlar\u0131n yurti\u00e7i ve yurtd\u0131\u015f\u0131 sat\u0131\u015f\u0131 konusunda hizmet vermekteyiz.\n<br> Testere ve freze u\u00e7lar\u0131 gibi sarf malzemelerin sat\u0131\u015f\u0131 ve dan\u0131\u015fmanl\u0131\u011f\u0131 hususunda m\u00fc\u015fterilerimize destek sa\u011fl\u0131yoruz. Paspay\u0131, elektrik borular\u0131 gibi in\u015faat plastiklerinin \u00fcretimi konusunda sekt\u00f6r\u00fcn lideri konumunda bulunan GURBET\u00c7\u0130LER PLAST\u0130K A.\u015e.\u2018nin genel yurti\u00e7i ve yurtd\u0131\u015f\u0131 distrib\u00fct\u00f6rl\u00fc\u011f\u00fcn\u00fc yapmaktay\u0131z.\n<br> WOLVEX MAK\u0130NA VE \u0130N\u015eAAT EK\u0130PMANLARI olarak in\u015faat ve makine sekt\u00f6r\u00fcnde edinmi\u015f oldu\u011fumuz tecr\u00fcbe ve bilgilerimizi m\u00fc\u015fterilerimize aktararak en \u00fcst seviyede \u00e7\u00f6z\u00fcm sunmaktay\u0131z.<br>no-repeat;left top;;<br>auto<br><br>BAY\u0130L\u0130KLER<br>h4<br>fas fa-handshake<br>top<br><a href=\"https:\/\/wolvexmakina.com\/en\/bayilikler\/\">https:\/\/wolvexmakina.com\/bayilikler<\/a><br><br>ONL\u0130NE KATALOGLAR<br>h4<br>icon-docs<br>top<br><a href=\"https:\/\/wolvexmakina.com\/en\/online-kataloglar\/\">https:\/\/wolvexmakina.com\/online-kataloglar\/<\/a><br><br>MARKALAR<br>h4<br>icon-bookmark<br>top<br><a href=\"https:\/\/wolvexmakina.com\/en\/markalar\/\">https:\/\/wolvexmakina.com\/markalar\/<\/a><br><br>HABERLER<br>h4<br>icon-newspaper<br>top<br><br>6<br>date<br>DESC<br>always<br>small<br>slide<br><br><\/p>\n\n\n\n<p>Testereler<br>h4<br>icon-lamp<br>top<br><img decoding=\"async\" src=\"https:\/\/wolvexmakina.com\/wp-content\/uploads\/2022\/01\/wolvex-icon-testere.png\" alt=\"wolvex-icon-testere\" \/><br><a href=\"https:\/\/wolvexmakina.com\/en\/urun-kategori\/saws\/\">https:\/\/wolvexmakina.com\/urun-kategori\/testereler\/<\/a><br>zoomIn<br><br>\u00d6zel Delici ve Kesici Tak\u0131mlar<br>h4<br>icon-lamp<br>top<br><img decoding=\"async\" src=\"https:\/\/wolvexmakina.com\/wp-content\/uploads\/2022\/01\/wolvex-icon-ozel-kesici-delici-takimlar.png\" alt=\"wolvex-icon-ozel-kesici-delici-takimlar\" \/><br><a href=\"https:\/\/wolvexmakina.com\/en\/urun-kategori\/special-cutting-and-drilling-tools\/\">https:\/\/wolvexmakina.com\/urun-kategori\/ozel-kesici-ve-delici-takimlar\/<\/a><br>zoomIn<br><br>Al\u00fcminyum, Pvc ve Profil \u0130\u015fleme Makineleri<br>h4<br>icon-lamp<br>top<br><img decoding=\"async\" src=\"https:\/\/wolvexmakina.com\/wp-content\/uploads\/wolvex-icon-aluminyum-pvc-profil-isleme-makineleri.png\" alt=\"wolvex-icon-aluminyum-pvc-profil-isleme-makineleri\" \/><br><a href=\"\/?product_cat=aluminyum-pvc-ve-profil-isleme-makineleri\">https:\/\/wolvexmakina.com\/urun-kategori\/urunler\/aluminyum-pvc-ve-profil-isleme-makineleri\/<\/a><br>zoomIn<br><br>Plastik Yap\u0131 \u00dcr\u00fcnleri<br>h4<br>icon-lamp<br>top<br><img decoding=\"async\" src=\"https:\/\/wolvexmakina.com\/wp-content\/uploads\/2022\/01\/wolvex-icon-plastik-yapi-urunleri.png\" alt=\"wolvex-icon-plastik-yapi-urunleri\" \/><br><a href=\"https:\/\/wolvexmakina.com\/en\/urun-kategori\/plastic-construction-products\/\">https:\/\/wolvexmakina.com\/urun-kategori\/plastik-yapi-urunleri\/<\/a><br>zoomIn<br><br>Product Categories<br>icon<br><br><img decoding=\"async\" src=\"https:\/\/wolvexmakina.com\/wp-content\/uploads\/wolvex-icon-testere2.png\" alt=\"wolvex-icon-testere2\" \/><br>https:\/\/wolvexmakina.com\/wp-content\/uploads\/2022\/01\/wolvex-icon-testere.png<br><a href=\"https:\/\/wolvexmakina.com\/en\/urun-kategori\/saws\/\">https:\/\/wolvexmakina.com\/urun-kategori\/testereler\/<\/a><br><br><h4>Saws<\/h4><br>Ba\u015fl\u0131k<br>center<br>center<br>no-repeat;center top;;<br>auto<br><br><img decoding=\"async\" src=\"https:\/\/wolvexmakina.com\/wp-content\/uploads\/wolvex-icon-ozel-kesici-delici-takimlar2.png\" alt=\"wolvex-icon-ozel-kesici-delici-takimlar2\" \/><br>https:\/\/wolvexmakina.com\/wp-content\/uploads\/2022\/01\/wolvex-icon-ozel-kesici-delici-takimlar.png<br><a href=\"https:\/\/wolvexmakina.com\/en\/urun-kategori\/special-cutting-and-drilling-tools\/\">https:\/\/wolvexmakina.com\/urun-kategori\/ozel-kesici-ve-delici-takimlar\/<\/a><br><br><h4>Special Drilling and Cutting Tools<\/h4><br>Ba\u015fl\u0131k<br>center<br>center<br>no-repeat;center top;;<br>auto<br><br><img decoding=\"async\" src=\"https:\/\/wolvexmakina.com\/wp-content\/uploads\/wolvex-icon-aluminyum-pvc-profil-isleme-makineleri2.png\" alt=\"wolvex-icon-aluminyum-pvc-profil-isleme-makineleri2\" \/><br>https:\/\/wolvexmakina.com\/wp-content\/uploads\/wolvex-icon-aluminyum-pvc-profil-isleme-makineleri.png<br><a href=\"\/?product_cat=aluminyum-pvc-ve-profil-isleme-makineleri\">https:\/\/wolvexmakina.com\/urun-kategori\/aluminyum-pvc-ve-profil-isleme-makineleri\/<\/a><br><br><h4>Aluminum, PVC and Profile Processing Machines<\/h4><br>Ba\u015fl\u0131k<br>center<br>center<br>no-repeat;center top;;<br>auto<br><br><img decoding=\"async\" src=\"https:\/\/wolvexmakina.com\/wp-content\/uploads\/wolvex-icon-plastik-yapi-urunleri2.png\" alt=\"wolvex-icon-plastik-yapi-urunleri2\" \/><br>https:\/\/wolvexmakina.com\/wp-content\/uploads\/2022\/01\/wolvex-icon-plastik-yapi-urunleri.png<br><a href=\"https:\/\/wolvexmakina.com\/en\/urun-kategori\/plastic-construction-products\/\">https:\/\/wolvexmakina.com\/urun-kategori\/plastik-yapi-urunleri\/<\/a><br><br><h4>Plastic Building Products<\/h4><br>Ba\u015fl\u0131k<br>center<br>center<br>no-repeat;center top;;<br>auto<br><br><img decoding=\"async\" src=\"https:\/\/wolvexmakina.com\/wp-content\/uploads\/2022\/01\/wolvex-makina-logo.png\" alt=\"wolvex-makina-logo\" \/><br>full<br><br><h3>WHO ARE WE?<\/h3>\r<br>We are the official authorized dealer of \u00d6Z\u00c7EL\u0130K MAK\u0130NE A.\u015e., which is the leader of the aluminum and PVC profile processing machines sector. In addition, we provide domestic and international sales of machines used in industrial activities and their complementary accessories.\r<br>  We provide support to our customers in the sales and consultancy of consumables such as saw and router bits. We are the general domestic and international distributor of GURBET\u00c7\u0130LER PLAST\u0130K A.\u015e., which is the industry leader in the production of construction plastics such as spacers and electrical pipes.\r<br>  As WOLVEX MAK\u0130NA VE CONSTRUCTION EQUIPMENTS, we provide the highest level of solution by transferring our experience and knowledge we have gained in the construction and machinery industry to our customers.<br>no-repeat;left top;;<br>auto<br><br>DEALERSHIPS<br>h4<br>fas fa-handshake<br>top<br><a href=\"https:\/\/wolvexmakina.com\/en\/bayilikler\/\">https:\/\/wolvexmakina.com\/bayilikler<\/a><br><br>ONLINE CATALOGS<br>h4<br>icon-docs<br>top<br><a href=\"https:\/\/wolvexmakina.com\/en\/online-kataloglar\/\">https:\/\/wolvexmakina.com\/online-kataloglar\/<\/a><br><br>BRAND<br>h4<br>icon-bookmark<br>top<br><a href=\"https:\/\/wolvexmakina.com\/en\/markalar\/\">https:\/\/wolvexmakina.com\/markalar\/<\/a><br><br>NEWS<br>h4<br>icon-newspaper<br>top<br><br>6<br>date<br>DESC<br>always<br>small<br>slide<br><br><\/p>\n","protected":false},"excerpt":{"rendered":"<p>Sawsh4icon-lamptophttps:\/\/wolvexmakina.com\/urun-kategori\/testereler\/zoomIn \u00d6zel Delici ve Kesici Tak\u0131mlarh4icon-lamptophttps:\/\/wolvexmakina.com\/urun-kategori\/ozel-kesici-ve-delici-takimlar\/zoomIn Aluminum, PVC and Profile Processing Machinesh4icon-lamptophttps:\/\/wolvexmakina.com\/urun-kategori\/urunler\/aluminyum-pvc-ve-profil-isleme-makineleri\/zoomIn Plastik Yap\u0131 \u00dcr\u00fcnlerih4icon-lamptophttps:\/\/wolvexmakina.com\/urun-kategori\/plastik-yapi-urunleri\/zoomIn \u00dcr\u00fcn Kategorileriicon https:\/\/wolvexmakina.com\/wp-content\/uploads\/2022\/01\/wolvex-icon-testere.pnghttps:\/\/wolvexmakina.com\/urun-kategori\/testereler\/ Testereler Ba\u015fl\u0131kcentercenterno-repeat;center top;;auto https:\/\/wolvexmakina.com\/wp-content\/uploads\/2022\/01\/wolvex-icon-ozel-kesici-delici-takimlar.pnghttps:\/\/wolvexmakina.com\/urun-kategori\/ozel-kesici-ve-delici-takimlar\/ \u00d6zel Delici ve Kesici<span class=\"excerpt-hellip\"> [\u2026]<\/span><\/p>\n","protected":false},"author":1,"featured_media":0,"parent":0,"menu_order":0,"comment_status":"closed","ping_status":"closed","template":"","meta":{"_joinchat":[],"footnotes":""},"class_list":["post-2017","page","type-page","status-publish","hentry"],"yoast_head":"<!-- This site is optimized with the Yoast SEO Premium plugin v25.2 (Yoast SEO v25.4) - https:\/\/yoast.com\/wordpress\/plugins\/seo\/ -->\n<title>Home Page - Wolvex Makina<\/title>\n<meta name=\"robots\" content=\"index, follow, max-snippet:-1, max-image-preview:large, max-video-preview:-1\" \/>\n<link rel=\"canonical\" href=\"https:\/\/wolvexmakina.com\/en\/\" \/>\n<meta property=\"og:locale\" content=\"en_US\" \/>\n<meta property=\"og:type\" content=\"article\" \/>\n<meta property=\"og:title\" content=\"Home Page\" \/>\n<meta property=\"og:description\" content=\"Sawsh4icon-lamptophttps:\/\/wolvexmakina.com\/urun-kategori\/testereler\/zoomIn \u00d6zel Delici ve Kesici Tak\u0131mlarh4icon-lamptophttps:\/\/wolvexmakina.com\/urun-kategori\/ozel-kesici-ve-delici-takimlar\/zoomIn Aluminum, PVC and Profile Processing Machinesh4icon-lamptophttps:\/\/wolvexmakina.com\/urun-kategori\/urunler\/aluminyum-pvc-ve-profil-isleme-makineleri\/zoomIn Plastik Yap\u0131 \u00dcr\u00fcnlerih4icon-lamptophttps:\/\/wolvexmakina.com\/urun-kategori\/plastik-yapi-urunleri\/zoomIn \u00dcr\u00fcn Kategorileriicon https:\/\/wolvexmakina.com\/wp-content\/uploads\/2022\/01\/wolvex-icon-testere.pnghttps:\/\/wolvexmakina.com\/urun-kategori\/testereler\/ Testereler Ba\u015fl\u0131kcentercenterno-repeat;center top;;auto https:\/\/wolvexmakina.com\/wp-content\/uploads\/2022\/01\/wolvex-icon-ozel-kesici-delici-takimlar.pnghttps:\/\/wolvexmakina.com\/urun-kategori\/ozel-kesici-ve-delici-takimlar\/ \u00d6zel Delici ve Kesici [\u2026]\" \/>\n<meta property=\"og:url\" content=\"https:\/\/wolvexmakina.com\/en\/\" \/>\n<meta property=\"og:site_name\" content=\"Wolvex Makina\" \/>\n<meta property=\"article:modified_time\" content=\"2022-04-14T06:50:15+00:00\" \/>\n<meta property=\"og:image\" content=\"https:\/\/wolvexmakina.com\/wp-content\/uploads\/2022\/01\/wolvex-icon-testere.png\" \/>\n<meta name=\"twitter:card\" content=\"summary_large_image\" \/>\n<meta name=\"twitter:label1\" content=\"Est. reading time\" \/>\n\t<meta name=\"twitter:data1\" content=\"7 minutes\" \/>\n<script type=\"application\/ld+json\" class=\"yoast-schema-graph\">{\"@context\":\"https:\/\/schema.org\",\"@graph\":[{\"@type\":\"WebPage\",\"@id\":\"https:\/\/wolvexmakina.com\/en\/\",\"url\":\"https:\/\/wolvexmakina.com\/en\/\",\"name\":\"Home Page - Wolvex Makina\",\"isPartOf\":{\"@id\":\"https:\/\/wolvexmakina.com\/#website\"},\"primaryImageOfPage\":{\"@id\":\"https:\/\/wolvexmakina.com\/en\/#primaryimage\"},\"image\":{\"@id\":\"https:\/\/wolvexmakina.com\/en\/#primaryimage\"},\"thumbnailUrl\":\"https:\/\/wolvexmakina.com\/wp-content\/uploads\/2022\/01\/wolvex-icon-testere.png\",\"datePublished\":\"2022-01-11T12:52:56+00:00\",\"dateModified\":\"2022-04-14T06:50:15+00:00\",\"breadcrumb\":{\"@id\":\"https:\/\/wolvexmakina.com\/en\/#breadcrumb\"},\"inLanguage\":\"en-US\",\"potentialAction\":[{\"@type\":\"ReadAction\",\"target\":[\"https:\/\/wolvexmakina.com\/en\/\"]}]},{\"@type\":\"ImageObject\",\"inLanguage\":\"en-US\",\"@id\":\"https:\/\/wolvexmakina.com\/en\/#primaryimage\",\"url\":\"https:\/\/wolvexmakina.com\/wp-content\/uploads\/2022\/01\/wolvex-icon-testere.png\",\"contentUrl\":\"https:\/\/wolvexmakina.com\/wp-content\/uploads\/2022\/01\/wolvex-icon-testere.png\"},{\"@type\":\"BreadcrumbList\",\"@id\":\"https:\/\/wolvexmakina.com\/en\/#breadcrumb\",\"itemListElement\":[{\"@type\":\"ListItem\",\"position\":1,\"name\":\"Home\",\"item\":\"https:\/\/wolvexmakina.com\/en\/\"},{\"@type\":\"ListItem\",\"position\":2,\"name\":\"Home Page\"}]},{\"@type\":\"WebSite\",\"@id\":\"https:\/\/wolvexmakina.com\/#website\",\"url\":\"https:\/\/wolvexmakina.com\/\",\"name\":\"Wolvex Makina\",\"description\":\"\",\"potentialAction\":[{\"@type\":\"SearchAction\",\"target\":{\"@type\":\"EntryPoint\",\"urlTemplate\":\"https:\/\/wolvexmakina.com\/?s={search_term_string}\"},\"query-input\":{\"@type\":\"PropertyValueSpecification\",\"valueRequired\":true,\"valueName\":\"search_term_string\"}}],\"inLanguage\":\"en-US\"}]}<\/script>\n<!-- \/ Yoast SEO Premium plugin. -->","yoast_head_json":{"title":"Home Page - Wolvex Makina","robots":{"index":"index","follow":"follow","max-snippet":"max-snippet:-1","max-image-preview":"max-image-preview:large","max-video-preview":"max-video-preview:-1"},"canonical":"https:\/\/wolvexmakina.com\/en\/","og_locale":"en_US","og_type":"article","og_title":"Home Page","og_description":"Sawsh4icon-lamptophttps:\/\/wolvexmakina.com\/urun-kategori\/testereler\/zoomIn \u00d6zel Delici ve Kesici Tak\u0131mlarh4icon-lamptophttps:\/\/wolvexmakina.com\/urun-kategori\/ozel-kesici-ve-delici-takimlar\/zoomIn Aluminum, PVC and Profile Processing Machinesh4icon-lamptophttps:\/\/wolvexmakina.com\/urun-kategori\/urunler\/aluminyum-pvc-ve-profil-isleme-makineleri\/zoomIn Plastik Yap\u0131 \u00dcr\u00fcnlerih4icon-lamptophttps:\/\/wolvexmakina.com\/urun-kategori\/plastik-yapi-urunleri\/zoomIn \u00dcr\u00fcn Kategorileriicon https:\/\/wolvexmakina.com\/wp-content\/uploads\/2022\/01\/wolvex-icon-testere.pnghttps:\/\/wolvexmakina.com\/urun-kategori\/testereler\/ Testereler Ba\u015fl\u0131kcentercenterno-repeat;center top;;auto https:\/\/wolvexmakina.com\/wp-content\/uploads\/2022\/01\/wolvex-icon-ozel-kesici-delici-takimlar.pnghttps:\/\/wolvexmakina.com\/urun-kategori\/ozel-kesici-ve-delici-takimlar\/ \u00d6zel Delici ve Kesici [\u2026]","og_url":"https:\/\/wolvexmakina.com\/en\/","og_site_name":"Wolvex Makina","article_modified_time":"2022-04-14T06:50:15+00:00","og_image":[{"url":"https:\/\/wolvexmakina.com\/wp-content\/uploads\/2022\/01\/wolvex-icon-testere.png","type":"","width":"","height":""}],"twitter_card":"summary_large_image","twitter_misc":{"Est. reading time":"7 minutes"},"schema":{"@context":"https:\/\/schema.org","@graph":[{"@type":"WebPage","@id":"https:\/\/wolvexmakina.com\/en\/","url":"https:\/\/wolvexmakina.com\/en\/","name":"Home Page - Wolvex Makina","isPartOf":{"@id":"https:\/\/wolvexmakina.com\/#website"},"primaryImageOfPage":{"@id":"https:\/\/wolvexmakina.com\/en\/#primaryimage"},"image":{"@id":"https:\/\/wolvexmakina.com\/en\/#primaryimage"},"thumbnailUrl":"https:\/\/wolvexmakina.com\/wp-content\/uploads\/2022\/01\/wolvex-icon-testere.png","datePublished":"2022-01-11T12:52:56+00:00","dateModified":"2022-04-14T06:50:15+00:00","breadcrumb":{"@id":"https:\/\/wolvexmakina.com\/en\/#breadcrumb"},"inLanguage":"en-US","potentialAction":[{"@type":"ReadAction","target":["https:\/\/wolvexmakina.com\/en\/"]}]},{"@type":"ImageObject","inLanguage":"en-US","@id":"https:\/\/wolvexmakina.com\/en\/#primaryimage","url":"https:\/\/wolvexmakina.com\/wp-content\/uploads\/2022\/01\/wolvex-icon-testere.png","contentUrl":"https:\/\/wolvexmakina.com\/wp-content\/uploads\/2022\/01\/wolvex-icon-testere.png"},{"@type":"BreadcrumbList","@id":"https:\/\/wolvexmakina.com\/en\/#breadcrumb","itemListElement":[{"@type":"ListItem","position":1,"name":"Home","item":"https:\/\/wolvexmakina.com\/en\/"},{"@type":"ListItem","position":2,"name":"Home Page"}]},{"@type":"WebSite","@id":"https:\/\/wolvexmakina.com\/#website","url":"https:\/\/wolvexmakina.com\/","name":"Wolvex Makina","description":"","potentialAction":[{"@type":"SearchAction","target":{"@type":"EntryPoint","urlTemplate":"https:\/\/wolvexmakina.com\/?s={search_term_string}"},"query-input":{"@type":"PropertyValueSpecification","valueRequired":true,"valueName":"search_term_string"}}],"inLanguage":"en-US"}]}},"_links":{"self":[{"href":"https:\/\/wolvexmakina.com\/en\/wp-json\/wp\/v2\/pages\/2017","targetHints":{"allow":["GET"]}}],"collection":[{"href":"https:\/\/wolvexmakina.com\/en\/wp-json\/wp\/v2\/pages"}],"about":[{"href":"https:\/\/wolvexmakina.com\/en\/wp-json\/wp\/v2\/types\/page"}],"author":[{"embeddable":true,"href":"https:\/\/wolvexmakina.com\/en\/wp-json\/wp\/v2\/users\/1"}],"replies":[{"embeddable":true,"href":"https:\/\/wolvexmakina.com\/en\/wp-json\/wp\/v2\/comments?post=2017"}],"version-history":[{"count":0,"href":"https:\/\/wolvexmakina.com\/en\/wp-json\/wp\/v2\/pages\/2017\/revisions"}],"wp:attachment":[{"href":"https:\/\/wolvexmakina.com\/en\/wp-json\/wp\/v2\/media?parent=2017"}],"curies":[{"name":"wp","href":"https:\/\/api.w.org\/{rel}","templated":true}]}}