{"id":2025,"date":"2022-01-11T15:52:32","date_gmt":"2022-01-11T12:52:32","guid":{"rendered":"https:\/\/wolvexmakina.com\/hakkimizda\/"},"modified":"2022-03-23T15:03:55","modified_gmt":"2022-03-23T12:03:55","slug":"about-us","status":"publish","type":"page","link":"https:\/\/wolvexmakina.com\/en\/about-us\/","title":{"rendered":"about-us"},"content":{"rendered":"\n<p><p>Hakk\u0131m\u0131zda<br>icon<br><br><\/p><h6>Al\u00fcminyum ve Pvc profil i\u015fleme makineleri sekt\u00f6r\u00fcn\u00fcn lideri olan \u00d6Z\u00c7EL\u0130K MAK\u0130NE A.\u015e.\u2018nin resmi yetkili bayili\u011fini yapmaktay\u0131z. Bunun yan\u0131 s\u0131ra end\u00fcstriyel faaliyetlerde kullan\u0131lan makinalar\u0131n ve onlara ait tamamlay\u0131c\u0131 aksesuarlar\u0131n yurti\u00e7i ve yurtd\u0131\u015f\u0131 sat\u0131\u015f\u0131 konusunda hizmet vermekteyiz.<\/h6>\n<br>\n<br>Testere ve freze u\u00e7lar\u0131 gibi sarf malzemelerin sat\u0131\u015f\u0131 ve dan\u0131\u015fmanl\u0131\u011f\u0131 hususunda m\u00fc\u015fterilerimize destek sa\u011fl\u0131yoruz.\n<br>\n<br>Paspay\u0131, elektrik borular\u0131 gibi in\u015faat plastiklerinin \u00fcretimi konusunda sekt\u00f6r\u00fcn lideri konumunda bulunan GURBET\u00c7\u0130LER PLAST\u0130K A.\u015e.\u2018nin genel yurti\u00e7i ve yurtd\u0131\u015f\u0131 distrib\u00fct\u00f6rl\u00fc\u011f\u00fcn\u00fc yapmaktay\u0131z.\n<br>\n<br>WOLVEX MAK\u0130NA VE \u0130N\u015eAAT EK\u0130PMANLARI olarak in\u015faat ve makine sekt\u00f6r\u00fcnde edinmi\u015f oldu\u011fumuz tecr\u00fcbe ve bilgilerimizi m\u00fc\u015fterilerimize aktararak en \u00fcst seviyede \u00e7\u00f6z\u00fcm sunmaktay\u0131z.<br>no-repeat;left top;;<br>auto<br><br><img decoding=\"async\" src=\"https:\/\/wolvexmakina.com\/wp-content\/uploads\/2022\/01\/wolvex-makina-logo.png\" alt=\"wolvex-makina-logo\"><br>full<br><br><\/p>\n\n\n\n<p>About Us<br>icon<br><br><h6>We are the official authorized dealer of \u00d6Z\u00c7EL\u0130K MAK\u0130NE A.\u015e., which is the leader of the aluminum and PVC profile processing machinery sector. In addition, we provide domestic and international sales of machines used in industrial activities and their complementary accessories.<\/h6>\r<br>\r<br>We provide support to our customers in the sales and consultancy of consumables such as saw and router bits.\r<br>\r<br>We are the general domestic and international distributor of GURBET\u00c7\u0130LER PLAST\u0130K A.\u015e., which is the industry leader in the production of construction plastics such as spacers and electrical pipes.\r<br>\r<br>As WOLVEX MAK\u0130NA VE CONSTRUCTION EQUIPMENTS, we provide the highest level of solution by transferring our experience and knowledge we have gained in the construction and machinery industry to our customers.<br>no-repeat;left top;;<br>auto<br><br><img decoding=\"async\" src=\"https:\/\/wolvexmakina.com\/wp-content\/uploads\/2022\/01\/wolvex-makina-logo.png\" alt=\"wolvex-makina-logo\" \/><br>full<br><br><\/p>\n","protected":false},"excerpt":{"rendered":"<p>Hakk\u0131m\u0131zdaicon Al\u00fcminyum ve Pvc profil i\u015fleme makineleri sekt\u00f6r\u00fcn\u00fcn lideri olan \u00d6Z\u00c7EL\u0130K MAK\u0130NE A.\u015e.\u2018nin resmi yetkili bayili\u011fini yapmaktay\u0131z. Bunun yan\u0131 s\u0131ra end\u00fcstriyel faaliyetlerde kullan\u0131lan makinalar\u0131n ve onlara<span class=\"excerpt-hellip\"> [\u2026]<\/span><\/p>\n","protected":false},"author":1,"featured_media":0,"parent":0,"menu_order":0,"comment_status":"closed","ping_status":"closed","template":"","meta":{"_joinchat":[],"footnotes":""},"class_list":["post-2025","page","type-page","status-publish","hentry"],"yoast_head":"<!-- This site is optimized with the Yoast SEO Premium plugin v25.2 (Yoast SEO v25.4) - https:\/\/yoast.com\/wordpress\/plugins\/seo\/ -->\n<title>about-us - Wolvex Makina<\/title>\n<meta name=\"robots\" content=\"index, follow, max-snippet:-1, max-image-preview:large, max-video-preview:-1\" \/>\n<link rel=\"canonical\" href=\"https:\/\/wolvexmakina.com\/en\/about-us\/\" \/>\n<meta property=\"og:locale\" content=\"en_US\" \/>\n<meta property=\"og:type\" content=\"article\" \/>\n<meta property=\"og:title\" content=\"about-us\" \/>\n<meta property=\"og:description\" content=\"Hakk\u0131m\u0131zdaicon Al\u00fcminyum ve Pvc profil i\u015fleme makineleri sekt\u00f6r\u00fcn\u00fcn lideri olan \u00d6Z\u00c7EL\u0130K MAK\u0130NE A.\u015e.\u2018nin resmi yetkili bayili\u011fini yapmaktay\u0131z. Bunun yan\u0131 s\u0131ra end\u00fcstriyel faaliyetlerde kullan\u0131lan makinalar\u0131n ve onlara [\u2026]\" \/>\n<meta property=\"og:url\" content=\"https:\/\/wolvexmakina.com\/en\/about-us\/\" \/>\n<meta property=\"og:site_name\" content=\"Wolvex Makina\" \/>\n<meta property=\"article:modified_time\" content=\"2022-03-23T12:03:55+00:00\" \/>\n<meta property=\"og:image\" content=\"https:\/\/wolvexmakina.com\/wp-content\/uploads\/2022\/01\/wolvex-makina-logo.png\" \/>\n<meta name=\"twitter:card\" content=\"summary_large_image\" \/>\n<meta name=\"twitter:label1\" content=\"Est. reading time\" \/>\n\t<meta name=\"twitter:data1\" content=\"2 minutes\" \/>\n<script type=\"application\/ld+json\" class=\"yoast-schema-graph\">{\"@context\":\"https:\/\/schema.org\",\"@graph\":[{\"@type\":\"WebPage\",\"@id\":\"https:\/\/wolvexmakina.com\/en\/about-us\/\",\"url\":\"https:\/\/wolvexmakina.com\/en\/about-us\/\",\"name\":\"about-us - Wolvex Makina\",\"isPartOf\":{\"@id\":\"https:\/\/wolvexmakina.com\/#website\"},\"primaryImageOfPage\":{\"@id\":\"https:\/\/wolvexmakina.com\/en\/about-us\/#primaryimage\"},\"image\":{\"@id\":\"https:\/\/wolvexmakina.com\/en\/about-us\/#primaryimage\"},\"thumbnailUrl\":\"https:\/\/wolvexmakina.com\/wp-content\/uploads\/2022\/01\/wolvex-makina-logo.png\",\"datePublished\":\"2022-01-11T12:52:32+00:00\",\"dateModified\":\"2022-03-23T12:03:55+00:00\",\"breadcrumb\":{\"@id\":\"https:\/\/wolvexmakina.com\/en\/about-us\/#breadcrumb\"},\"inLanguage\":\"en-US\",\"potentialAction\":[{\"@type\":\"ReadAction\",\"target\":[\"https:\/\/wolvexmakina.com\/en\/about-us\/\"]}]},{\"@type\":\"ImageObject\",\"inLanguage\":\"en-US\",\"@id\":\"https:\/\/wolvexmakina.com\/en\/about-us\/#primaryimage\",\"url\":\"https:\/\/wolvexmakina.com\/wp-content\/uploads\/2022\/01\/wolvex-makina-logo.png\",\"contentUrl\":\"https:\/\/wolvexmakina.com\/wp-content\/uploads\/2022\/01\/wolvex-makina-logo.png\"},{\"@type\":\"BreadcrumbList\",\"@id\":\"https:\/\/wolvexmakina.com\/en\/about-us\/#breadcrumb\",\"itemListElement\":[{\"@type\":\"ListItem\",\"position\":1,\"name\":\"Home\",\"item\":\"https:\/\/wolvexmakina.com\/en\/\"},{\"@type\":\"ListItem\",\"position\":2,\"name\":\"about-us\"}]},{\"@type\":\"WebSite\",\"@id\":\"https:\/\/wolvexmakina.com\/#website\",\"url\":\"https:\/\/wolvexmakina.com\/\",\"name\":\"Wolvex Makina\",\"description\":\"\",\"potentialAction\":[{\"@type\":\"SearchAction\",\"target\":{\"@type\":\"EntryPoint\",\"urlTemplate\":\"https:\/\/wolvexmakina.com\/?s={search_term_string}\"},\"query-input\":{\"@type\":\"PropertyValueSpecification\",\"valueRequired\":true,\"valueName\":\"search_term_string\"}}],\"inLanguage\":\"en-US\"}]}<\/script>\n<!-- \/ Yoast SEO Premium plugin. -->","yoast_head_json":{"title":"about-us - Wolvex Makina","robots":{"index":"index","follow":"follow","max-snippet":"max-snippet:-1","max-image-preview":"max-image-preview:large","max-video-preview":"max-video-preview:-1"},"canonical":"https:\/\/wolvexmakina.com\/en\/about-us\/","og_locale":"en_US","og_type":"article","og_title":"about-us","og_description":"Hakk\u0131m\u0131zdaicon Al\u00fcminyum ve Pvc profil i\u015fleme makineleri sekt\u00f6r\u00fcn\u00fcn lideri olan \u00d6Z\u00c7EL\u0130K MAK\u0130NE A.\u015e.\u2018nin resmi yetkili bayili\u011fini yapmaktay\u0131z. Bunun yan\u0131 s\u0131ra end\u00fcstriyel faaliyetlerde kullan\u0131lan makinalar\u0131n ve onlara [\u2026]","og_url":"https:\/\/wolvexmakina.com\/en\/about-us\/","og_site_name":"Wolvex Makina","article_modified_time":"2022-03-23T12:03:55+00:00","og_image":[{"url":"https:\/\/wolvexmakina.com\/wp-content\/uploads\/2022\/01\/wolvex-makina-logo.png","type":"","width":"","height":""}],"twitter_card":"summary_large_image","twitter_misc":{"Est. reading time":"2 minutes"},"schema":{"@context":"https:\/\/schema.org","@graph":[{"@type":"WebPage","@id":"https:\/\/wolvexmakina.com\/en\/about-us\/","url":"https:\/\/wolvexmakina.com\/en\/about-us\/","name":"about-us - Wolvex Makina","isPartOf":{"@id":"https:\/\/wolvexmakina.com\/#website"},"primaryImageOfPage":{"@id":"https:\/\/wolvexmakina.com\/en\/about-us\/#primaryimage"},"image":{"@id":"https:\/\/wolvexmakina.com\/en\/about-us\/#primaryimage"},"thumbnailUrl":"https:\/\/wolvexmakina.com\/wp-content\/uploads\/2022\/01\/wolvex-makina-logo.png","datePublished":"2022-01-11T12:52:32+00:00","dateModified":"2022-03-23T12:03:55+00:00","breadcrumb":{"@id":"https:\/\/wolvexmakina.com\/en\/about-us\/#breadcrumb"},"inLanguage":"en-US","potentialAction":[{"@type":"ReadAction","target":["https:\/\/wolvexmakina.com\/en\/about-us\/"]}]},{"@type":"ImageObject","inLanguage":"en-US","@id":"https:\/\/wolvexmakina.com\/en\/about-us\/#primaryimage","url":"https:\/\/wolvexmakina.com\/wp-content\/uploads\/2022\/01\/wolvex-makina-logo.png","contentUrl":"https:\/\/wolvexmakina.com\/wp-content\/uploads\/2022\/01\/wolvex-makina-logo.png"},{"@type":"BreadcrumbList","@id":"https:\/\/wolvexmakina.com\/en\/about-us\/#breadcrumb","itemListElement":[{"@type":"ListItem","position":1,"name":"Home","item":"https:\/\/wolvexmakina.com\/en\/"},{"@type":"ListItem","position":2,"name":"about-us"}]},{"@type":"WebSite","@id":"https:\/\/wolvexmakina.com\/#website","url":"https:\/\/wolvexmakina.com\/","name":"Wolvex Makina","description":"","potentialAction":[{"@type":"SearchAction","target":{"@type":"EntryPoint","urlTemplate":"https:\/\/wolvexmakina.com\/?s={search_term_string}"},"query-input":{"@type":"PropertyValueSpecification","valueRequired":true,"valueName":"search_term_string"}}],"inLanguage":"en-US"}]}},"_links":{"self":[{"href":"https:\/\/wolvexmakina.com\/en\/wp-json\/wp\/v2\/pages\/2025","targetHints":{"allow":["GET"]}}],"collection":[{"href":"https:\/\/wolvexmakina.com\/en\/wp-json\/wp\/v2\/pages"}],"about":[{"href":"https:\/\/wolvexmakina.com\/en\/wp-json\/wp\/v2\/types\/page"}],"author":[{"embeddable":true,"href":"https:\/\/wolvexmakina.com\/en\/wp-json\/wp\/v2\/users\/1"}],"replies":[{"embeddable":true,"href":"https:\/\/wolvexmakina.com\/en\/wp-json\/wp\/v2\/comments?post=2025"}],"version-history":[{"count":0,"href":"https:\/\/wolvexmakina.com\/en\/wp-json\/wp\/v2\/pages\/2025\/revisions"}],"wp:attachment":[{"href":"https:\/\/wolvexmakina.com\/en\/wp-json\/wp\/v2\/media?parent=2025"}],"curies":[{"name":"wp","href":"https:\/\/api.w.org\/{rel}","templated":true}]}}