{"id":2030,"date":"2022-02-01T10:29:28","date_gmt":"2022-02-01T07:29:28","guid":{"rendered":"https:\/\/wolvexmakina.com\/markalar\/ozcelik\/"},"modified":"2022-04-04T17:18:19","modified_gmt":"2022-04-04T14:18:19","slug":"ozcelik","status":"publish","type":"page","link":"https:\/\/wolvexmakina.com\/en\/markalar\/ozcelik\/","title":{"rendered":"\u00d6z\u00e7elik"},"content":{"rendered":"\n<p>\u00d6z\u00e7elik<br>icon<br><br><img decoding=\"async\" src=\"https:\/\/wolvexmakina.com\/wp-content\/uploads\/ozcelikkucuk.png\" alt=\"ozcelikkucuk\"><br>full<br><br>D\u00f6k\u00fcmhane, Kal\u0131phane, Al\u00fcminyum Enjeksiyon Makineleri, CNC\n<br>\u0130\u015fleme Merkezleri, Bobinaj At\u00f6lyesi, Boyahane, Lazer, Caka ve\n<br>B\u00fck\u00fcm At\u00f6lyeleri ile tam entegre tesisinde; Portatif, Tek Kafa, \u00c7ift\n<br>Kafa, D\u00f6rt Kafa, Kompozit Panel \u0130\u015fleme, CNC Kesim ve \u0130\u015fleme\n<br>Merkezleri ile m\u00fc\u015fterilerin her t\u00fcrl\u00fc ihtiya\u00e7lar\u0131na ve ki\u015fiye \u00f6zel\n<br>\u00e7\u00f6z\u00fcmler sunabilmektedir.<br>no-repeat;left top;;<br>auto<br><br>T\u00fcm \u00dcr\u00fcnlerimiz G\u00f6rmek \u0130\u00e7in T\u0131klay\u0131n\u0131z<br><a href=\"\/?product_cat=aluminyum-pvc-ve-profil-isleme-makineleri\">https:\/\/wolvexmakina.com\/urun-kategori\/aluminyum-pvc-ve-profil-isleme-makineleri\/<\/a><br>center<br>left<br>#669ac7<br>#ffffff<br>4<br><br>Online Katalo\u011fumuzu G\u00f6rmek \u0130\u00e7in T\u0131klay\u0131n\u0131z<br><a href=\"https:\/\/wolvexmakina.com\/en\/ozcelik-online-katalog\/\">https:\/\/wolvexmakina.com\/ozcelik-online-katalog\/<\/a><br>center<br>left<br>#669ac7<br>#ffffff<br>4<br><br><\/p>\n","protected":false},"excerpt":{"rendered":"<p>\u00d6z\u00e7elikicon full D\u00f6k\u00fcmhane, Kal\u0131phane, Al\u00fcminyum Enjeksiyon Makineleri, CNC \u0130\u015fleme Merkezleri, Bobinaj At\u00f6lyesi, Boyahane, Lazer, Caka ve B\u00fck\u00fcm At\u00f6lyeleri ile tam entegre tesisinde; Portatif, Tek Kafa, \u00c7ift<span class=\"excerpt-hellip\"> [\u2026]<\/span><\/p>\n","protected":false},"author":1,"featured_media":0,"parent":2027,"menu_order":0,"comment_status":"closed","ping_status":"closed","template":"","meta":{"_joinchat":[],"footnotes":""},"class_list":["post-2030","page","type-page","status-publish","hentry"],"yoast_head":"<!-- This site is optimized with the Yoast SEO Premium plugin v25.2 (Yoast SEO v25.4) - https:\/\/yoast.com\/wordpress\/plugins\/seo\/ -->\n<title>\u00d6z\u00e7elik - Wolvex Makina<\/title>\n<meta name=\"robots\" content=\"index, follow, max-snippet:-1, max-image-preview:large, max-video-preview:-1\" \/>\n<link rel=\"canonical\" href=\"https:\/\/wolvexmakina.com\/en\/markalar\/ozcelik\/\" \/>\n<meta property=\"og:locale\" content=\"en_US\" \/>\n<meta property=\"og:type\" content=\"article\" \/>\n<meta property=\"og:title\" content=\"\u00d6z\u00e7elik\" \/>\n<meta property=\"og:description\" content=\"\u00d6z\u00e7elikicon full D\u00f6k\u00fcmhane, Kal\u0131phane, Al\u00fcminyum Enjeksiyon Makineleri, CNC \u0130\u015fleme Merkezleri, Bobinaj At\u00f6lyesi, Boyahane, Lazer, Caka ve B\u00fck\u00fcm At\u00f6lyeleri ile tam entegre tesisinde; Portatif, Tek Kafa, \u00c7ift [\u2026]\" \/>\n<meta property=\"og:url\" content=\"https:\/\/wolvexmakina.com\/en\/markalar\/ozcelik\/\" \/>\n<meta property=\"og:site_name\" content=\"Wolvex Makina\" \/>\n<meta property=\"article:modified_time\" content=\"2022-04-04T14:18:19+00:00\" \/>\n<meta property=\"og:image\" content=\"https:\/\/wolvexmakina.com\/wp-content\/uploads\/ozcelikkucuk.png\" \/>\n<meta name=\"twitter:card\" content=\"summary_large_image\" \/>\n<meta name=\"twitter:label1\" content=\"Est. reading time\" \/>\n\t<meta name=\"twitter:data1\" content=\"1 minute\" \/>\n<script type=\"application\/ld+json\" class=\"yoast-schema-graph\">{\"@context\":\"https:\/\/schema.org\",\"@graph\":[{\"@type\":\"WebPage\",\"@id\":\"https:\/\/wolvexmakina.com\/en\/markalar\/ozcelik\/\",\"url\":\"https:\/\/wolvexmakina.com\/en\/markalar\/ozcelik\/\",\"name\":\"\u00d6z\u00e7elik - Wolvex Makina\",\"isPartOf\":{\"@id\":\"https:\/\/wolvexmakina.com\/#website\"},\"primaryImageOfPage\":{\"@id\":\"https:\/\/wolvexmakina.com\/en\/markalar\/ozcelik\/#primaryimage\"},\"image\":{\"@id\":\"https:\/\/wolvexmakina.com\/en\/markalar\/ozcelik\/#primaryimage\"},\"thumbnailUrl\":\"https:\/\/wolvexmakina.com\/wp-content\/uploads\/ozcelikkucuk.png\",\"datePublished\":\"2022-02-01T07:29:28+00:00\",\"dateModified\":\"2022-04-04T14:18:19+00:00\",\"breadcrumb\":{\"@id\":\"https:\/\/wolvexmakina.com\/en\/markalar\/ozcelik\/#breadcrumb\"},\"inLanguage\":\"en-US\",\"potentialAction\":[{\"@type\":\"ReadAction\",\"target\":[\"https:\/\/wolvexmakina.com\/en\/markalar\/ozcelik\/\"]}]},{\"@type\":\"ImageObject\",\"inLanguage\":\"en-US\",\"@id\":\"https:\/\/wolvexmakina.com\/en\/markalar\/ozcelik\/#primaryimage\",\"url\":\"https:\/\/wolvexmakina.com\/wp-content\/uploads\/ozcelikkucuk.png\",\"contentUrl\":\"https:\/\/wolvexmakina.com\/wp-content\/uploads\/ozcelikkucuk.png\"},{\"@type\":\"BreadcrumbList\",\"@id\":\"https:\/\/wolvexmakina.com\/en\/markalar\/ozcelik\/#breadcrumb\",\"itemListElement\":[{\"@type\":\"ListItem\",\"position\":1,\"name\":\"Home\",\"item\":\"https:\/\/wolvexmakina.com\/en\/\"},{\"@type\":\"ListItem\",\"position\":2,\"name\":\"Markalar\",\"item\":\"https:\/\/wolvexmakina.com\/en\/markalar\/\"},{\"@type\":\"ListItem\",\"position\":3,\"name\":\"\u00d6z\u00e7elik\"}]},{\"@type\":\"WebSite\",\"@id\":\"https:\/\/wolvexmakina.com\/#website\",\"url\":\"https:\/\/wolvexmakina.com\/\",\"name\":\"Wolvex Makina\",\"description\":\"\",\"potentialAction\":[{\"@type\":\"SearchAction\",\"target\":{\"@type\":\"EntryPoint\",\"urlTemplate\":\"https:\/\/wolvexmakina.com\/?s={search_term_string}\"},\"query-input\":{\"@type\":\"PropertyValueSpecification\",\"valueRequired\":true,\"valueName\":\"search_term_string\"}}],\"inLanguage\":\"en-US\"}]}<\/script>\n<!-- \/ Yoast SEO Premium plugin. -->","yoast_head_json":{"title":"\u00d6z\u00e7elik - Wolvex Makina","robots":{"index":"index","follow":"follow","max-snippet":"max-snippet:-1","max-image-preview":"max-image-preview:large","max-video-preview":"max-video-preview:-1"},"canonical":"https:\/\/wolvexmakina.com\/en\/markalar\/ozcelik\/","og_locale":"en_US","og_type":"article","og_title":"\u00d6z\u00e7elik","og_description":"\u00d6z\u00e7elikicon full D\u00f6k\u00fcmhane, Kal\u0131phane, Al\u00fcminyum Enjeksiyon Makineleri, CNC \u0130\u015fleme Merkezleri, Bobinaj At\u00f6lyesi, Boyahane, Lazer, Caka ve B\u00fck\u00fcm At\u00f6lyeleri ile tam entegre tesisinde; Portatif, Tek Kafa, \u00c7ift [\u2026]","og_url":"https:\/\/wolvexmakina.com\/en\/markalar\/ozcelik\/","og_site_name":"Wolvex Makina","article_modified_time":"2022-04-04T14:18:19+00:00","og_image":[{"url":"https:\/\/wolvexmakina.com\/wp-content\/uploads\/ozcelikkucuk.png","type":"","width":"","height":""}],"twitter_card":"summary_large_image","twitter_misc":{"Est. reading time":"1 minute"},"schema":{"@context":"https:\/\/schema.org","@graph":[{"@type":"WebPage","@id":"https:\/\/wolvexmakina.com\/en\/markalar\/ozcelik\/","url":"https:\/\/wolvexmakina.com\/en\/markalar\/ozcelik\/","name":"\u00d6z\u00e7elik - Wolvex Makina","isPartOf":{"@id":"https:\/\/wolvexmakina.com\/#website"},"primaryImageOfPage":{"@id":"https:\/\/wolvexmakina.com\/en\/markalar\/ozcelik\/#primaryimage"},"image":{"@id":"https:\/\/wolvexmakina.com\/en\/markalar\/ozcelik\/#primaryimage"},"thumbnailUrl":"https:\/\/wolvexmakina.com\/wp-content\/uploads\/ozcelikkucuk.png","datePublished":"2022-02-01T07:29:28+00:00","dateModified":"2022-04-04T14:18:19+00:00","breadcrumb":{"@id":"https:\/\/wolvexmakina.com\/en\/markalar\/ozcelik\/#breadcrumb"},"inLanguage":"en-US","potentialAction":[{"@type":"ReadAction","target":["https:\/\/wolvexmakina.com\/en\/markalar\/ozcelik\/"]}]},{"@type":"ImageObject","inLanguage":"en-US","@id":"https:\/\/wolvexmakina.com\/en\/markalar\/ozcelik\/#primaryimage","url":"https:\/\/wolvexmakina.com\/wp-content\/uploads\/ozcelikkucuk.png","contentUrl":"https:\/\/wolvexmakina.com\/wp-content\/uploads\/ozcelikkucuk.png"},{"@type":"BreadcrumbList","@id":"https:\/\/wolvexmakina.com\/en\/markalar\/ozcelik\/#breadcrumb","itemListElement":[{"@type":"ListItem","position":1,"name":"Home","item":"https:\/\/wolvexmakina.com\/en\/"},{"@type":"ListItem","position":2,"name":"Markalar","item":"https:\/\/wolvexmakina.com\/en\/markalar\/"},{"@type":"ListItem","position":3,"name":"\u00d6z\u00e7elik"}]},{"@type":"WebSite","@id":"https:\/\/wolvexmakina.com\/#website","url":"https:\/\/wolvexmakina.com\/","name":"Wolvex Makina","description":"","potentialAction":[{"@type":"SearchAction","target":{"@type":"EntryPoint","urlTemplate":"https:\/\/wolvexmakina.com\/?s={search_term_string}"},"query-input":{"@type":"PropertyValueSpecification","valueRequired":true,"valueName":"search_term_string"}}],"inLanguage":"en-US"}]}},"_links":{"self":[{"href":"https:\/\/wolvexmakina.com\/en\/wp-json\/wp\/v2\/pages\/2030","targetHints":{"allow":["GET"]}}],"collection":[{"href":"https:\/\/wolvexmakina.com\/en\/wp-json\/wp\/v2\/pages"}],"about":[{"href":"https:\/\/wolvexmakina.com\/en\/wp-json\/wp\/v2\/types\/page"}],"author":[{"embeddable":true,"href":"https:\/\/wolvexmakina.com\/en\/wp-json\/wp\/v2\/users\/1"}],"replies":[{"embeddable":true,"href":"https:\/\/wolvexmakina.com\/en\/wp-json\/wp\/v2\/comments?post=2030"}],"version-history":[{"count":0,"href":"https:\/\/wolvexmakina.com\/en\/wp-json\/wp\/v2\/pages\/2030\/revisions"}],"up":[{"embeddable":true,"href":"https:\/\/wolvexmakina.com\/en\/wp-json\/wp\/v2\/pages\/2027"}],"wp:attachment":[{"href":"https:\/\/wolvexmakina.com\/en\/wp-json\/wp\/v2\/media?parent=2030"}],"curies":[{"name":"wp","href":"https:\/\/api.w.org\/{rel}","templated":true}]}}