{"id":2031,"date":"2022-02-01T09:25:57","date_gmt":"2022-02-01T06:25:57","guid":{"rendered":"https:\/\/wolvexmakina.com\/markalar\/pilana\/"},"modified":"2022-04-04T17:13:23","modified_gmt":"2022-04-04T14:13:23","slug":"pilana","status":"publish","type":"page","link":"https:\/\/wolvexmakina.com\/en\/markalar\/pilana\/","title":{"rendered":"Pilana"},"content":{"rendered":"\n<p>Pilana<br>icon<br><br><img decoding=\"async\" src=\"https:\/\/wolvexmakina.com\/wp-content\/uploads\/firma-logolar-04-1.png\" alt=\"firma-logolar-04\"><br>full<br><br>\n<br>\n<br>\n<br><\/p><h3>PILANA, DIN ve ISO standartlar\u0131na uygun kaliteli \u00e7eliklerden \u00fcretim ger\u00e7ekle\u015ftiren testere imalat\u00e7\u0131s\u0131d\u0131r. <\/h3><br>no-repeat;left top;;<br>auto<br><br>T\u00fcm \u00dcr\u00fcnlerimiz G\u00f6rmek \u0130\u00e7in T\u0131klay\u0131n\u0131z<br><a href=\"https:\/\/wolvexmakina.com\/en\/urun-kategori\/saws\/\">https:\/\/wolvexmakina.com\/urun-kategori\/testereler\/<\/a><br>center<br>left<br>#669ac7<br>#ffffff<br>4<br><br>Online Katalo\u011fumuzu G\u00f6rmek \u0130\u00e7in T\u0131klay\u0131n\u0131z<br><a href=\"https:\/\/wolvexmakina.com\/en\/pilana-online-catalog\/\">https:\/\/wolvexmakina.com\/pilana-online-katalog\/<\/a><br>center<br>left<br>#669ac7<br>#ffffff<br>4<br><br>\n","protected":false},"excerpt":{"rendered":"<p>Pilanaicon full PILANA, DIN ve ISO standartlar\u0131na uygun kaliteli \u00e7eliklerden \u00fcretim ger\u00e7ekle\u015ftiren testere imalat\u00e7\u0131s\u0131d\u0131r. no-repeat;left top;;auto T\u00fcm \u00dcr\u00fcnlerimiz G\u00f6rmek \u0130\u00e7in T\u0131klay\u0131n\u0131zhttps:\/\/wolvexmakina.com\/urun-kategori\/testereler\/centerleft#669ac7#ffffff4 Online Katalo\u011fumuzu G\u00f6rmek \u0130\u00e7in T\u0131klay\u0131n\u0131zhttps:\/\/wolvexmakina.com\/pilana-online-katalog\/centerleft#669ac7#ffffff4<\/p>\n","protected":false},"author":1,"featured_media":0,"parent":2027,"menu_order":0,"comment_status":"closed","ping_status":"closed","template":"","meta":{"_joinchat":[],"footnotes":""},"class_list":["post-2031","page","type-page","status-publish","hentry"],"yoast_head":"<!-- This site is optimized with the Yoast SEO Premium plugin v25.2 (Yoast SEO v25.4) - https:\/\/yoast.com\/wordpress\/plugins\/seo\/ -->\n<title>Pilana - Wolvex Makina<\/title>\n<meta name=\"description\" content=\"PILANA, DIN ve ISO standartlar\u0131na uygun kaliteli \u00e7eliklerden \u00fcretim ger\u00e7ekle\u015ftiren testere imalat\u00e7\u0131s\u0131d\u0131r.\" \/>\n<meta name=\"robots\" content=\"index, follow, max-snippet:-1, max-image-preview:large, max-video-preview:-1\" \/>\n<link rel=\"canonical\" href=\"https:\/\/wolvexmakina.com\/en\/markalar\/pilana\/\" \/>\n<meta property=\"og:locale\" content=\"en_US\" \/>\n<meta property=\"og:type\" content=\"article\" \/>\n<meta property=\"og:title\" content=\"Pilana\" \/>\n<meta property=\"og:description\" content=\"PILANA, DIN ve ISO standartlar\u0131na uygun kaliteli \u00e7eliklerden \u00fcretim ger\u00e7ekle\u015ftiren testere imalat\u00e7\u0131s\u0131d\u0131r.\" \/>\n<meta property=\"og:url\" content=\"https:\/\/wolvexmakina.com\/en\/markalar\/pilana\/\" \/>\n<meta property=\"og:site_name\" content=\"Wolvex Makina\" \/>\n<meta property=\"article:modified_time\" content=\"2022-04-04T14:13:23+00:00\" \/>\n<meta property=\"og:image\" content=\"https:\/\/wolvexmakina.com\/wp-content\/uploads\/firma-logolar-04-1.png\" \/>\n<meta name=\"twitter:card\" content=\"summary_large_image\" \/>\n<meta name=\"twitter:label1\" content=\"Est. reading time\" \/>\n\t<meta name=\"twitter:data1\" content=\"1 minute\" \/>\n<script type=\"application\/ld+json\" class=\"yoast-schema-graph\">{\"@context\":\"https:\/\/schema.org\",\"@graph\":[{\"@type\":\"WebPage\",\"@id\":\"https:\/\/wolvexmakina.com\/en\/markalar\/pilana\/\",\"url\":\"https:\/\/wolvexmakina.com\/en\/markalar\/pilana\/\",\"name\":\"Pilana - Wolvex Makina\",\"isPartOf\":{\"@id\":\"https:\/\/wolvexmakina.com\/#website\"},\"primaryImageOfPage\":{\"@id\":\"https:\/\/wolvexmakina.com\/en\/markalar\/pilana\/#primaryimage\"},\"image\":{\"@id\":\"https:\/\/wolvexmakina.com\/en\/markalar\/pilana\/#primaryimage\"},\"thumbnailUrl\":\"https:\/\/wolvexmakina.com\/wp-content\/uploads\/firma-logolar-04-1.png\",\"datePublished\":\"2022-02-01T06:25:57+00:00\",\"dateModified\":\"2022-04-04T14:13:23+00:00\",\"description\":\"PILANA, DIN ve ISO standartlar\u0131na uygun kaliteli \u00e7eliklerden \u00fcretim ger\u00e7ekle\u015ftiren testere imalat\u00e7\u0131s\u0131d\u0131r.\",\"breadcrumb\":{\"@id\":\"https:\/\/wolvexmakina.com\/en\/markalar\/pilana\/#breadcrumb\"},\"inLanguage\":\"en-US\",\"potentialAction\":[{\"@type\":\"ReadAction\",\"target\":[\"https:\/\/wolvexmakina.com\/en\/markalar\/pilana\/\"]}]},{\"@type\":\"ImageObject\",\"inLanguage\":\"en-US\",\"@id\":\"https:\/\/wolvexmakina.com\/en\/markalar\/pilana\/#primaryimage\",\"url\":\"https:\/\/wolvexmakina.com\/wp-content\/uploads\/firma-logolar-04-1.png\",\"contentUrl\":\"https:\/\/wolvexmakina.com\/wp-content\/uploads\/firma-logolar-04-1.png\"},{\"@type\":\"BreadcrumbList\",\"@id\":\"https:\/\/wolvexmakina.com\/en\/markalar\/pilana\/#breadcrumb\",\"itemListElement\":[{\"@type\":\"ListItem\",\"position\":1,\"name\":\"Home\",\"item\":\"https:\/\/wolvexmakina.com\/en\/\"},{\"@type\":\"ListItem\",\"position\":2,\"name\":\"Markalar\",\"item\":\"https:\/\/wolvexmakina.com\/en\/markalar\/\"},{\"@type\":\"ListItem\",\"position\":3,\"name\":\"Pilana\"}]},{\"@type\":\"WebSite\",\"@id\":\"https:\/\/wolvexmakina.com\/#website\",\"url\":\"https:\/\/wolvexmakina.com\/\",\"name\":\"Wolvex Makina\",\"description\":\"\",\"potentialAction\":[{\"@type\":\"SearchAction\",\"target\":{\"@type\":\"EntryPoint\",\"urlTemplate\":\"https:\/\/wolvexmakina.com\/?s={search_term_string}\"},\"query-input\":{\"@type\":\"PropertyValueSpecification\",\"valueRequired\":true,\"valueName\":\"search_term_string\"}}],\"inLanguage\":\"en-US\"}]}<\/script>\n<!-- \/ Yoast SEO Premium plugin. -->","yoast_head_json":{"title":"Pilana - Wolvex Makina","description":"PILANA, DIN ve ISO standartlar\u0131na uygun kaliteli \u00e7eliklerden \u00fcretim ger\u00e7ekle\u015ftiren testere imalat\u00e7\u0131s\u0131d\u0131r.","robots":{"index":"index","follow":"follow","max-snippet":"max-snippet:-1","max-image-preview":"max-image-preview:large","max-video-preview":"max-video-preview:-1"},"canonical":"https:\/\/wolvexmakina.com\/en\/markalar\/pilana\/","og_locale":"en_US","og_type":"article","og_title":"Pilana","og_description":"PILANA, DIN ve ISO standartlar\u0131na uygun kaliteli \u00e7eliklerden \u00fcretim ger\u00e7ekle\u015ftiren testere imalat\u00e7\u0131s\u0131d\u0131r.","og_url":"https:\/\/wolvexmakina.com\/en\/markalar\/pilana\/","og_site_name":"Wolvex Makina","article_modified_time":"2022-04-04T14:13:23+00:00","og_image":[{"url":"https:\/\/wolvexmakina.com\/wp-content\/uploads\/firma-logolar-04-1.png","type":"","width":"","height":""}],"twitter_card":"summary_large_image","twitter_misc":{"Est. reading time":"1 minute"},"schema":{"@context":"https:\/\/schema.org","@graph":[{"@type":"WebPage","@id":"https:\/\/wolvexmakina.com\/en\/markalar\/pilana\/","url":"https:\/\/wolvexmakina.com\/en\/markalar\/pilana\/","name":"Pilana - Wolvex Makina","isPartOf":{"@id":"https:\/\/wolvexmakina.com\/#website"},"primaryImageOfPage":{"@id":"https:\/\/wolvexmakina.com\/en\/markalar\/pilana\/#primaryimage"},"image":{"@id":"https:\/\/wolvexmakina.com\/en\/markalar\/pilana\/#primaryimage"},"thumbnailUrl":"https:\/\/wolvexmakina.com\/wp-content\/uploads\/firma-logolar-04-1.png","datePublished":"2022-02-01T06:25:57+00:00","dateModified":"2022-04-04T14:13:23+00:00","description":"PILANA, DIN ve ISO standartlar\u0131na uygun kaliteli \u00e7eliklerden \u00fcretim ger\u00e7ekle\u015ftiren testere imalat\u00e7\u0131s\u0131d\u0131r.","breadcrumb":{"@id":"https:\/\/wolvexmakina.com\/en\/markalar\/pilana\/#breadcrumb"},"inLanguage":"en-US","potentialAction":[{"@type":"ReadAction","target":["https:\/\/wolvexmakina.com\/en\/markalar\/pilana\/"]}]},{"@type":"ImageObject","inLanguage":"en-US","@id":"https:\/\/wolvexmakina.com\/en\/markalar\/pilana\/#primaryimage","url":"https:\/\/wolvexmakina.com\/wp-content\/uploads\/firma-logolar-04-1.png","contentUrl":"https:\/\/wolvexmakina.com\/wp-content\/uploads\/firma-logolar-04-1.png"},{"@type":"BreadcrumbList","@id":"https:\/\/wolvexmakina.com\/en\/markalar\/pilana\/#breadcrumb","itemListElement":[{"@type":"ListItem","position":1,"name":"Home","item":"https:\/\/wolvexmakina.com\/en\/"},{"@type":"ListItem","position":2,"name":"Markalar","item":"https:\/\/wolvexmakina.com\/en\/markalar\/"},{"@type":"ListItem","position":3,"name":"Pilana"}]},{"@type":"WebSite","@id":"https:\/\/wolvexmakina.com\/#website","url":"https:\/\/wolvexmakina.com\/","name":"Wolvex Makina","description":"","potentialAction":[{"@type":"SearchAction","target":{"@type":"EntryPoint","urlTemplate":"https:\/\/wolvexmakina.com\/?s={search_term_string}"},"query-input":{"@type":"PropertyValueSpecification","valueRequired":true,"valueName":"search_term_string"}}],"inLanguage":"en-US"}]}},"_links":{"self":[{"href":"https:\/\/wolvexmakina.com\/en\/wp-json\/wp\/v2\/pages\/2031","targetHints":{"allow":["GET"]}}],"collection":[{"href":"https:\/\/wolvexmakina.com\/en\/wp-json\/wp\/v2\/pages"}],"about":[{"href":"https:\/\/wolvexmakina.com\/en\/wp-json\/wp\/v2\/types\/page"}],"author":[{"embeddable":true,"href":"https:\/\/wolvexmakina.com\/en\/wp-json\/wp\/v2\/users\/1"}],"replies":[{"embeddable":true,"href":"https:\/\/wolvexmakina.com\/en\/wp-json\/wp\/v2\/comments?post=2031"}],"version-history":[{"count":0,"href":"https:\/\/wolvexmakina.com\/en\/wp-json\/wp\/v2\/pages\/2031\/revisions"}],"up":[{"embeddable":true,"href":"https:\/\/wolvexmakina.com\/en\/wp-json\/wp\/v2\/pages\/2027"}],"wp:attachment":[{"href":"https:\/\/wolvexmakina.com\/en\/wp-json\/wp\/v2\/media?parent=2031"}],"curies":[{"name":"wp","href":"https:\/\/api.w.org\/{rel}","templated":true}]}}