{"id":2034,"date":"2022-01-27T17:23:04","date_gmt":"2022-01-27T14:23:04","guid":{"rendered":"https:\/\/wolvexmakina.com\/online-kataloglar\/"},"modified":"2022-03-24T12:49:05","modified_gmt":"2022-03-24T09:49:05","slug":"online-kataloglar","status":"publish","type":"page","link":"https:\/\/wolvexmakina.com\/en\/online-kataloglar\/","title":{"rendered":"Online Kataloglar"},"content":{"rendered":"\n<p>ONL\u0130NE KATALOGLAR<br>B\u00fct\u00fcn online kataloglar\u0131m\u0131za a\u015fa\u011f\u0131dan ula\u015fabilirsiniz.<br>icon<br><br>h4<br>icon-lamp<br>top<br><img decoding=\"async\" src=\"https:\/\/wolvexmakina.com\/wp-content\/uploads\/firma-logolar-04-1.png\" alt=\"firma-logolar-04\"><br><a href=\"https:\/\/wolvexmakina.com\/en\/pilana-online-catalog\/\">https:\/\/wolvexmakina.com\/pilana-online-katalog\/<\/a><br><br>h4<br>icon-lamp<br>top<br><img decoding=\"async\" src=\"https:\/\/wolvexmakina.com\/wp-content\/uploads\/gurbetciler-logo.png\" alt=\"gurbetciler-logo\"><br><a href=\"https:\/\/wolvexmakina.com\/en\/gurbetciler-online-katalog\/\">https:\/\/wolvexmakina.com\/gurbetciler-online-katalog\/<\/a><br><br>h4<br>icon-lamp<br>top<br><img decoding=\"async\" src=\"https:\/\/wolvexmakina.com\/wp-content\/uploads\/ozcelikkucuk.png\" alt=\"ozcelikkucuk\"><br><a href=\"https:\/\/wolvexmakina.com\/en\/ozcelik-online-katalog\/\">https:\/\/wolvexmakina.com\/ozcelik-online-katalog\/<\/a><br><br><\/p>\n","protected":false},"excerpt":{"rendered":"<p>ONL\u0130NE KATALOGLARB\u00fct\u00fcn online kataloglar\u0131m\u0131za a\u015fa\u011f\u0131dan ula\u015fabilirsiniz.icon h4icon-lamptophttps:\/\/wolvexmakina.com\/pilana-online-katalog\/ h4icon-lamptophttps:\/\/wolvexmakina.com\/gurbetciler-online-katalog\/ h4icon-lamptophttps:\/\/wolvexmakina.com\/ozcelik-online-katalog\/<\/p>\n","protected":false},"author":1,"featured_media":0,"parent":0,"menu_order":0,"comment_status":"closed","ping_status":"closed","template":"","meta":{"_joinchat":[],"footnotes":""},"class_list":["post-2034","page","type-page","status-publish","hentry"],"yoast_head":"<!-- This site is optimized with the Yoast SEO Premium plugin v25.2 (Yoast SEO v25.4) - https:\/\/yoast.com\/wordpress\/plugins\/seo\/ -->\n<title>Online Kataloglar - Wolvex Makina<\/title>\n<meta name=\"robots\" content=\"index, follow, max-snippet:-1, max-image-preview:large, max-video-preview:-1\" \/>\n<link rel=\"canonical\" href=\"https:\/\/wolvexmakina.com\/en\/online-kataloglar\/\" \/>\n<meta property=\"og:locale\" content=\"en_US\" \/>\n<meta property=\"og:type\" content=\"article\" \/>\n<meta property=\"og:title\" content=\"Online Kataloglar\" \/>\n<meta property=\"og:description\" content=\"ONL\u0130NE KATALOGLARB\u00fct\u00fcn online kataloglar\u0131m\u0131za a\u015fa\u011f\u0131dan ula\u015fabilirsiniz.icon h4icon-lamptophttps:\/\/wolvexmakina.com\/pilana-online-katalog\/ h4icon-lamptophttps:\/\/wolvexmakina.com\/gurbetciler-online-katalog\/ h4icon-lamptophttps:\/\/wolvexmakina.com\/ozcelik-online-katalog\/\" \/>\n<meta property=\"og:url\" content=\"https:\/\/wolvexmakina.com\/en\/online-kataloglar\/\" \/>\n<meta property=\"og:site_name\" content=\"Wolvex Makina\" \/>\n<meta property=\"article:modified_time\" content=\"2022-03-24T09:49:05+00:00\" \/>\n<meta property=\"og:image\" content=\"https:\/\/wolvexmakina.com\/wp-content\/uploads\/firma-logolar-04-1.png\" \/>\n<meta name=\"twitter:card\" content=\"summary_large_image\" \/>\n<meta name=\"twitter:label1\" content=\"Est. reading time\" \/>\n\t<meta name=\"twitter:data1\" content=\"1 minute\" \/>\n<script type=\"application\/ld+json\" class=\"yoast-schema-graph\">{\"@context\":\"https:\/\/schema.org\",\"@graph\":[{\"@type\":\"WebPage\",\"@id\":\"https:\/\/wolvexmakina.com\/en\/online-kataloglar\/\",\"url\":\"https:\/\/wolvexmakina.com\/en\/online-kataloglar\/\",\"name\":\"Online Kataloglar - Wolvex Makina\",\"isPartOf\":{\"@id\":\"https:\/\/wolvexmakina.com\/#website\"},\"primaryImageOfPage\":{\"@id\":\"https:\/\/wolvexmakina.com\/en\/online-kataloglar\/#primaryimage\"},\"image\":{\"@id\":\"https:\/\/wolvexmakina.com\/en\/online-kataloglar\/#primaryimage\"},\"thumbnailUrl\":\"https:\/\/wolvexmakina.com\/wp-content\/uploads\/firma-logolar-04-1.png\",\"datePublished\":\"2022-01-27T14:23:04+00:00\",\"dateModified\":\"2022-03-24T09:49:05+00:00\",\"breadcrumb\":{\"@id\":\"https:\/\/wolvexmakina.com\/en\/online-kataloglar\/#breadcrumb\"},\"inLanguage\":\"en-US\",\"potentialAction\":[{\"@type\":\"ReadAction\",\"target\":[\"https:\/\/wolvexmakina.com\/en\/online-kataloglar\/\"]}]},{\"@type\":\"ImageObject\",\"inLanguage\":\"en-US\",\"@id\":\"https:\/\/wolvexmakina.com\/en\/online-kataloglar\/#primaryimage\",\"url\":\"https:\/\/wolvexmakina.com\/wp-content\/uploads\/firma-logolar-04-1.png\",\"contentUrl\":\"https:\/\/wolvexmakina.com\/wp-content\/uploads\/firma-logolar-04-1.png\"},{\"@type\":\"BreadcrumbList\",\"@id\":\"https:\/\/wolvexmakina.com\/en\/online-kataloglar\/#breadcrumb\",\"itemListElement\":[{\"@type\":\"ListItem\",\"position\":1,\"name\":\"Home\",\"item\":\"https:\/\/wolvexmakina.com\/en\/\"},{\"@type\":\"ListItem\",\"position\":2,\"name\":\"Online Kataloglar\"}]},{\"@type\":\"WebSite\",\"@id\":\"https:\/\/wolvexmakina.com\/#website\",\"url\":\"https:\/\/wolvexmakina.com\/\",\"name\":\"Wolvex Makina\",\"description\":\"\",\"potentialAction\":[{\"@type\":\"SearchAction\",\"target\":{\"@type\":\"EntryPoint\",\"urlTemplate\":\"https:\/\/wolvexmakina.com\/?s={search_term_string}\"},\"query-input\":{\"@type\":\"PropertyValueSpecification\",\"valueRequired\":true,\"valueName\":\"search_term_string\"}}],\"inLanguage\":\"en-US\"}]}<\/script>\n<!-- \/ Yoast SEO Premium plugin. -->","yoast_head_json":{"title":"Online Kataloglar - Wolvex Makina","robots":{"index":"index","follow":"follow","max-snippet":"max-snippet:-1","max-image-preview":"max-image-preview:large","max-video-preview":"max-video-preview:-1"},"canonical":"https:\/\/wolvexmakina.com\/en\/online-kataloglar\/","og_locale":"en_US","og_type":"article","og_title":"Online Kataloglar","og_description":"ONL\u0130NE KATALOGLARB\u00fct\u00fcn online kataloglar\u0131m\u0131za a\u015fa\u011f\u0131dan ula\u015fabilirsiniz.icon h4icon-lamptophttps:\/\/wolvexmakina.com\/pilana-online-katalog\/ h4icon-lamptophttps:\/\/wolvexmakina.com\/gurbetciler-online-katalog\/ h4icon-lamptophttps:\/\/wolvexmakina.com\/ozcelik-online-katalog\/","og_url":"https:\/\/wolvexmakina.com\/en\/online-kataloglar\/","og_site_name":"Wolvex Makina","article_modified_time":"2022-03-24T09:49:05+00:00","og_image":[{"url":"https:\/\/wolvexmakina.com\/wp-content\/uploads\/firma-logolar-04-1.png","type":"","width":"","height":""}],"twitter_card":"summary_large_image","twitter_misc":{"Est. reading time":"1 minute"},"schema":{"@context":"https:\/\/schema.org","@graph":[{"@type":"WebPage","@id":"https:\/\/wolvexmakina.com\/en\/online-kataloglar\/","url":"https:\/\/wolvexmakina.com\/en\/online-kataloglar\/","name":"Online Kataloglar - Wolvex Makina","isPartOf":{"@id":"https:\/\/wolvexmakina.com\/#website"},"primaryImageOfPage":{"@id":"https:\/\/wolvexmakina.com\/en\/online-kataloglar\/#primaryimage"},"image":{"@id":"https:\/\/wolvexmakina.com\/en\/online-kataloglar\/#primaryimage"},"thumbnailUrl":"https:\/\/wolvexmakina.com\/wp-content\/uploads\/firma-logolar-04-1.png","datePublished":"2022-01-27T14:23:04+00:00","dateModified":"2022-03-24T09:49:05+00:00","breadcrumb":{"@id":"https:\/\/wolvexmakina.com\/en\/online-kataloglar\/#breadcrumb"},"inLanguage":"en-US","potentialAction":[{"@type":"ReadAction","target":["https:\/\/wolvexmakina.com\/en\/online-kataloglar\/"]}]},{"@type":"ImageObject","inLanguage":"en-US","@id":"https:\/\/wolvexmakina.com\/en\/online-kataloglar\/#primaryimage","url":"https:\/\/wolvexmakina.com\/wp-content\/uploads\/firma-logolar-04-1.png","contentUrl":"https:\/\/wolvexmakina.com\/wp-content\/uploads\/firma-logolar-04-1.png"},{"@type":"BreadcrumbList","@id":"https:\/\/wolvexmakina.com\/en\/online-kataloglar\/#breadcrumb","itemListElement":[{"@type":"ListItem","position":1,"name":"Home","item":"https:\/\/wolvexmakina.com\/en\/"},{"@type":"ListItem","position":2,"name":"Online Kataloglar"}]},{"@type":"WebSite","@id":"https:\/\/wolvexmakina.com\/#website","url":"https:\/\/wolvexmakina.com\/","name":"Wolvex Makina","description":"","potentialAction":[{"@type":"SearchAction","target":{"@type":"EntryPoint","urlTemplate":"https:\/\/wolvexmakina.com\/?s={search_term_string}"},"query-input":{"@type":"PropertyValueSpecification","valueRequired":true,"valueName":"search_term_string"}}],"inLanguage":"en-US"}]}},"_links":{"self":[{"href":"https:\/\/wolvexmakina.com\/en\/wp-json\/wp\/v2\/pages\/2034","targetHints":{"allow":["GET"]}}],"collection":[{"href":"https:\/\/wolvexmakina.com\/en\/wp-json\/wp\/v2\/pages"}],"about":[{"href":"https:\/\/wolvexmakina.com\/en\/wp-json\/wp\/v2\/types\/page"}],"author":[{"embeddable":true,"href":"https:\/\/wolvexmakina.com\/en\/wp-json\/wp\/v2\/users\/1"}],"replies":[{"embeddable":true,"href":"https:\/\/wolvexmakina.com\/en\/wp-json\/wp\/v2\/comments?post=2034"}],"version-history":[{"count":0,"href":"https:\/\/wolvexmakina.com\/en\/wp-json\/wp\/v2\/pages\/2034\/revisions"}],"wp:attachment":[{"href":"https:\/\/wolvexmakina.com\/en\/wp-json\/wp\/v2\/media?parent=2034"}],"curies":[{"name":"wp","href":"https:\/\/api.w.org\/{rel}","templated":true}]}}