{"id":2035,"date":"2022-01-26T18:35:50","date_gmt":"2022-01-26T15:35:50","guid":{"rendered":"https:\/\/wolvexmakina.com\/ozcelik-online-katalog\/"},"modified":"2022-03-24T12:43:14","modified_gmt":"2022-03-24T09:43:14","slug":"ozcelik-online-katalog","status":"publish","type":"page","link":"https:\/\/wolvexmakina.com\/en\/ozcelik-online-katalog\/","title":{"rendered":"Special Cutting And Drilling Tools"},"content":{"rendered":"\n<p><div class=\"_df_book df-lite\" id=\"df_1308\"  _slug=\"1308\" data-title=\"ozcelik\" wpoptions=\"true\" thumbtype=\"\" ><\/div><script class=\"df-shortcode-script\" nowprocket type=\"application\/javascript\">window.option_df_1308 = {\"outline\":[],\"autoEnableOutline\":\"false\",\"autoEnableThumbnail\":\"false\",\"overwritePDFOutline\":\"false\",\"direction\":\"1\",\"pageSize\":\"0\",\"source\":\"https:\\\/\\\/wolvexmakina.com\\\/wp-content\\\/uploads\\\/ALUMINYUMPVC-OZCELIK-2021-22-06-2021.pdf\",\"wpOptions\":\"true\"}; if(window.DFLIP && window.DFLIP.parseBooks){window.DFLIP.parseBooks();}<\/script>Special Cutting And Drilling Tools<br>no-repeat;left top;;<br>auto<br><br><\/p>\n","protected":false},"excerpt":{"rendered":"<p>Special Cutting And Drilling Toolsno-repeat;left top;;auto<\/p>\n","protected":false},"author":1,"featured_media":0,"parent":0,"menu_order":0,"comment_status":"closed","ping_status":"closed","template":"","meta":{"_joinchat":[],"footnotes":""},"class_list":["post-2035","page","type-page","status-publish","hentry"],"yoast_head":"<!-- This site is optimized with the Yoast SEO Premium plugin v25.2 (Yoast SEO v25.4) - https:\/\/yoast.com\/wordpress\/plugins\/seo\/ -->\n<title>Wolvex Makina - \u00d6z\u00e7elik Online Katalog<\/title>\n<meta name=\"description\" content=\"Wolvex Makina - \u00d6z\u00e7elik Makina Online Katalog G\u00f6r\u00fcnt\u00fcleme\" \/>\n<meta name=\"robots\" content=\"index, follow, max-snippet:-1, max-image-preview:large, max-video-preview:-1\" \/>\n<link rel=\"canonical\" href=\"https:\/\/wolvexmakina.com\/en\/ozcelik-online-katalog\/\" \/>\n<meta property=\"og:locale\" content=\"en_US\" \/>\n<meta property=\"og:type\" content=\"article\" \/>\n<meta property=\"og:title\" content=\"Special Cutting And Drilling Tools\" \/>\n<meta property=\"og:description\" content=\"Wolvex Makina - \u00d6z\u00e7elik Makina Online Katalog G\u00f6r\u00fcnt\u00fcleme\" \/>\n<meta property=\"og:url\" content=\"https:\/\/wolvexmakina.com\/en\/ozcelik-online-katalog\/\" \/>\n<meta property=\"og:site_name\" content=\"Wolvex Makina\" \/>\n<meta property=\"article:modified_time\" content=\"2022-03-24T09:43:14+00:00\" \/>\n<meta name=\"twitter:card\" content=\"summary_large_image\" \/>\n<script type=\"application\/ld+json\" class=\"yoast-schema-graph\">{\"@context\":\"https:\/\/schema.org\",\"@graph\":[{\"@type\":\"WebPage\",\"@id\":\"https:\/\/wolvexmakina.com\/en\/ozcelik-online-katalog\/\",\"url\":\"https:\/\/wolvexmakina.com\/en\/ozcelik-online-katalog\/\",\"name\":\"Wolvex Makina - \u00d6z\u00e7elik Online Katalog\",\"isPartOf\":{\"@id\":\"https:\/\/wolvexmakina.com\/#website\"},\"datePublished\":\"2022-01-26T15:35:50+00:00\",\"dateModified\":\"2022-03-24T09:43:14+00:00\",\"description\":\"Wolvex Makina - \u00d6z\u00e7elik Makina Online Katalog G\u00f6r\u00fcnt\u00fcleme\",\"breadcrumb\":{\"@id\":\"https:\/\/wolvexmakina.com\/en\/ozcelik-online-katalog\/#breadcrumb\"},\"inLanguage\":\"en-US\",\"potentialAction\":[{\"@type\":\"ReadAction\",\"target\":[\"https:\/\/wolvexmakina.com\/en\/ozcelik-online-katalog\/\"]}]},{\"@type\":\"BreadcrumbList\",\"@id\":\"https:\/\/wolvexmakina.com\/en\/ozcelik-online-katalog\/#breadcrumb\",\"itemListElement\":[{\"@type\":\"ListItem\",\"position\":1,\"name\":\"Home\",\"item\":\"https:\/\/wolvexmakina.com\/en\/\"},{\"@type\":\"ListItem\",\"position\":2,\"name\":\"Special Cutting And Drilling Tools\"}]},{\"@type\":\"WebSite\",\"@id\":\"https:\/\/wolvexmakina.com\/#website\",\"url\":\"https:\/\/wolvexmakina.com\/\",\"name\":\"Wolvex Makina\",\"description\":\"\",\"potentialAction\":[{\"@type\":\"SearchAction\",\"target\":{\"@type\":\"EntryPoint\",\"urlTemplate\":\"https:\/\/wolvexmakina.com\/?s={search_term_string}\"},\"query-input\":{\"@type\":\"PropertyValueSpecification\",\"valueRequired\":true,\"valueName\":\"search_term_string\"}}],\"inLanguage\":\"en-US\"}]}<\/script>\n<!-- \/ Yoast SEO Premium plugin. -->","yoast_head_json":{"title":"Wolvex Makina - \u00d6z\u00e7elik Online Katalog","description":"Wolvex Makina - \u00d6z\u00e7elik Makina Online Katalog G\u00f6r\u00fcnt\u00fcleme","robots":{"index":"index","follow":"follow","max-snippet":"max-snippet:-1","max-image-preview":"max-image-preview:large","max-video-preview":"max-video-preview:-1"},"canonical":"https:\/\/wolvexmakina.com\/en\/ozcelik-online-katalog\/","og_locale":"en_US","og_type":"article","og_title":"Special Cutting And Drilling Tools","og_description":"Wolvex Makina - \u00d6z\u00e7elik Makina Online Katalog G\u00f6r\u00fcnt\u00fcleme","og_url":"https:\/\/wolvexmakina.com\/en\/ozcelik-online-katalog\/","og_site_name":"Wolvex Makina","article_modified_time":"2022-03-24T09:43:14+00:00","twitter_card":"summary_large_image","schema":{"@context":"https:\/\/schema.org","@graph":[{"@type":"WebPage","@id":"https:\/\/wolvexmakina.com\/en\/ozcelik-online-katalog\/","url":"https:\/\/wolvexmakina.com\/en\/ozcelik-online-katalog\/","name":"Wolvex Makina - \u00d6z\u00e7elik Online Katalog","isPartOf":{"@id":"https:\/\/wolvexmakina.com\/#website"},"datePublished":"2022-01-26T15:35:50+00:00","dateModified":"2022-03-24T09:43:14+00:00","description":"Wolvex Makina - \u00d6z\u00e7elik Makina Online Katalog G\u00f6r\u00fcnt\u00fcleme","breadcrumb":{"@id":"https:\/\/wolvexmakina.com\/en\/ozcelik-online-katalog\/#breadcrumb"},"inLanguage":"en-US","potentialAction":[{"@type":"ReadAction","target":["https:\/\/wolvexmakina.com\/en\/ozcelik-online-katalog\/"]}]},{"@type":"BreadcrumbList","@id":"https:\/\/wolvexmakina.com\/en\/ozcelik-online-katalog\/#breadcrumb","itemListElement":[{"@type":"ListItem","position":1,"name":"Home","item":"https:\/\/wolvexmakina.com\/en\/"},{"@type":"ListItem","position":2,"name":"Special Cutting And Drilling Tools"}]},{"@type":"WebSite","@id":"https:\/\/wolvexmakina.com\/#website","url":"https:\/\/wolvexmakina.com\/","name":"Wolvex Makina","description":"","potentialAction":[{"@type":"SearchAction","target":{"@type":"EntryPoint","urlTemplate":"https:\/\/wolvexmakina.com\/?s={search_term_string}"},"query-input":{"@type":"PropertyValueSpecification","valueRequired":true,"valueName":"search_term_string"}}],"inLanguage":"en-US"}]}},"_links":{"self":[{"href":"https:\/\/wolvexmakina.com\/en\/wp-json\/wp\/v2\/pages\/2035","targetHints":{"allow":["GET"]}}],"collection":[{"href":"https:\/\/wolvexmakina.com\/en\/wp-json\/wp\/v2\/pages"}],"about":[{"href":"https:\/\/wolvexmakina.com\/en\/wp-json\/wp\/v2\/types\/page"}],"author":[{"embeddable":true,"href":"https:\/\/wolvexmakina.com\/en\/wp-json\/wp\/v2\/users\/1"}],"replies":[{"embeddable":true,"href":"https:\/\/wolvexmakina.com\/en\/wp-json\/wp\/v2\/comments?post=2035"}],"version-history":[{"count":0,"href":"https:\/\/wolvexmakina.com\/en\/wp-json\/wp\/v2\/pages\/2035\/revisions"}],"wp:attachment":[{"href":"https:\/\/wolvexmakina.com\/en\/wp-json\/wp\/v2\/media?parent=2035"}],"curies":[{"name":"wp","href":"https:\/\/api.w.org\/{rel}","templated":true}]}}