{"id":2158,"date":"2022-01-13T13:33:08","date_gmt":"2022-01-13T10:33:08","guid":{"rendered":"https:\/\/wolvexmakina.com\/urun\/lepus-ii\/"},"modified":"2022-01-13T13:33:08","modified_gmt":"2022-01-13T10:33:08","slug":"lepus-ii-2","status":"publish","type":"product","link":"https:\/\/wolvexmakina.com\/en\/urun\/lepus-ii-2\/","title":{"rendered":"Lepus II"},"content":{"rendered":"<p>[pdf-embedder url=&#8221;https:\/\/wolvexmakina.com\/wp-content\/uploads\/LEPUS-II.pdf&#8221; title=&#8221;LEPUS &#8211; II&#8221;]<\/p>\n<p><iframe loading=\"lazy\" width=\"560\" height=\"315\" src=\"https:\/\/www.youtube.com\/embed\/jxN8EgNv6Bg\" title=\"YouTube video player\" frameborder=\"0\" allow=\"accelerometer; autoplay; clipboard-write; encrypted-media; gyroscope; picture-in-picture\" allowfullscreen=\"\"><\/iframe><\/p>\n","protected":false},"excerpt":{"rendered":"<p style=\"text-align: left;\"><strong>CNC Controlled Aluminum Composite Panel Processing Machine (3 Axis) &#8211; 4 m <\/strong><br \/>\nIt is used for jointing, machining and sizing operations of composite panels and sheets.<\/p>\n<ul>\n<li style=\"text-align: left;\">Composite plate fixing with strong vacuuming and superior processing quality<\/li>\n<li style=\"text-align: left;\">Tool changing magazine: 4 independent fan cooled spindle motor capacity<\/li>\n<li style=\"text-align: left;\">Wood and plastic sheet machining with milling cutter replacement<\/li>\n<li style=\"text-align: left;\">Ideal vacuuming with channels on the polyethylene table<\/li>\n<li style=\"text-align: left;\">2D CAD CAM graphics and optimization software<\/li>\n<li style=\"text-align: left;\">2,5 saniyede tak\u0131m de\u011fi\u015ftirme<\/li>\n<li style=\"text-align: left;\">Vacuuming in independent sections<\/li>\n<\/ul>\n<p style=\"align: left;\"><div class=\"icon_box icon_position_ no_border\"><a class=\"\" href=\"https:\/\/wolvexmakina.com\/wp-content\/uploads\/LEPUS-II.pdf\" target=\"_blank\"  title=\"\"><div class=\"icon_wrapper\"><div class=\"icon\"><i class=\"icon-acrobat\" aria-hidden=\"true\"><\/i><\/div><\/div><div class=\"desc_wrapper\"><h4 class=\"title \">CLICK TO VIEW AS PDF<\/h4><\/div><\/a><\/div>\n<\/p>\n","protected":false},"featured_media":1835,"template":"","meta":{"_joinchat":[]},"product_brand":[],"product_cat":[91,115],"product_tag":[],"class_list":{"0":"post-2158","1":"product","2":"type-product","3":"status-publish","4":"has-post-thumbnail","6":"product_cat-center","7":"product_cat-panel-processing-en","9":"first","10":"instock","11":"shipping-taxable","12":"product-type-simple"},"yoast_head":"<!-- This site is optimized with the Yoast SEO Premium plugin v25.2 (Yoast SEO v25.4) - https:\/\/yoast.com\/wordpress\/plugins\/seo\/ -->\n<title>Lepus II - Wolvex Makina<\/title>\n<meta name=\"robots\" content=\"index, follow, max-snippet:-1, max-image-preview:large, max-video-preview:-1\" \/>\n<link rel=\"canonical\" href=\"https:\/\/wolvexmakina.com\/en\/urun\/lepus-ii-2\/\" \/>\n<meta property=\"og:locale\" content=\"en_US\" \/>\n<meta property=\"og:type\" content=\"article\" \/>\n<meta property=\"og:title\" content=\"Lepus II\" \/>\n<meta property=\"og:description\" content=\"CNC Controlled Aluminum Composite Panel Processing Machine (3 Axis) - 4 m It is used for jointing, machining and sizing operations of composite panels and sheets.   Composite plate fixing with strong vacuuming and superior processing quality  Tool changing magazine: 4 independent fan cooled spindle motor capacity  Wood and plastic sheet machining with milling cutter replacement  Ideal vacuuming with channels on the polyethylene table  2D CAD CAM graphics and optimization software  2,5 saniyede tak\u0131m de\u011fi\u015ftirme  Vacuuming in independent sections\" \/>\n<meta property=\"og:url\" content=\"https:\/\/wolvexmakina.com\/en\/urun\/lepus-ii-2\/\" \/>\n<meta property=\"og:site_name\" content=\"Wolvex Makina\" \/>\n<meta property=\"og:image\" content=\"https:\/\/wolvexmakina.com\/wp-content\/uploads\/2022\/01\/LEPUS-.png\" \/>\n\t<meta property=\"og:image:width\" content=\"1920\" \/>\n\t<meta property=\"og:image:height\" content=\"946\" \/>\n\t<meta property=\"og:image:type\" content=\"image\/png\" \/>\n<meta name=\"twitter:card\" content=\"summary_large_image\" \/>\n<script type=\"application\/ld+json\" class=\"yoast-schema-graph\">{\"@context\":\"https:\/\/schema.org\",\"@graph\":[{\"@type\":\"WebPage\",\"@id\":\"https:\/\/wolvexmakina.com\/en\/urun\/lepus-ii-2\/\",\"url\":\"https:\/\/wolvexmakina.com\/en\/urun\/lepus-ii-2\/\",\"name\":\"Lepus II - Wolvex Makina\",\"isPartOf\":{\"@id\":\"https:\/\/wolvexmakina.com\/#website\"},\"primaryImageOfPage\":{\"@id\":\"https:\/\/wolvexmakina.com\/en\/urun\/lepus-ii-2\/#primaryimage\"},\"image\":{\"@id\":\"https:\/\/wolvexmakina.com\/en\/urun\/lepus-ii-2\/#primaryimage\"},\"thumbnailUrl\":\"https:\/\/wolvexmakina.com\/wp-content\/uploads\/2022\/01\/LEPUS-.png\",\"datePublished\":\"2022-01-13T10:33:08+00:00\",\"breadcrumb\":{\"@id\":\"https:\/\/wolvexmakina.com\/en\/urun\/lepus-ii-2\/#breadcrumb\"},\"inLanguage\":\"en-US\",\"potentialAction\":[{\"@type\":\"ReadAction\",\"target\":[\"https:\/\/wolvexmakina.com\/en\/urun\/lepus-ii-2\/\"]}]},{\"@type\":\"ImageObject\",\"inLanguage\":\"en-US\",\"@id\":\"https:\/\/wolvexmakina.com\/en\/urun\/lepus-ii-2\/#primaryimage\",\"url\":\"https:\/\/wolvexmakina.com\/wp-content\/uploads\/2022\/01\/LEPUS-.png\",\"contentUrl\":\"https:\/\/wolvexmakina.com\/wp-content\/uploads\/2022\/01\/LEPUS-.png\",\"width\":1920,\"height\":946},{\"@type\":\"BreadcrumbList\",\"@id\":\"https:\/\/wolvexmakina.com\/en\/urun\/lepus-ii-2\/#breadcrumb\",\"itemListElement\":[{\"@type\":\"ListItem\",\"position\":1,\"name\":\"Home\",\"item\":\"https:\/\/wolvexmakina.com\/en\/\"},{\"@type\":\"ListItem\",\"position\":2,\"name\":\"\u00dcr\u00fcnler\",\"item\":\"https:\/\/wolvexmakina.com\/urunler\/\"},{\"@type\":\"ListItem\",\"position\":3,\"name\":\"Lepus II\"}]},{\"@type\":\"WebSite\",\"@id\":\"https:\/\/wolvexmakina.com\/#website\",\"url\":\"https:\/\/wolvexmakina.com\/\",\"name\":\"Wolvex Makina\",\"description\":\"\",\"potentialAction\":[{\"@type\":\"SearchAction\",\"target\":{\"@type\":\"EntryPoint\",\"urlTemplate\":\"https:\/\/wolvexmakina.com\/?s={search_term_string}\"},\"query-input\":{\"@type\":\"PropertyValueSpecification\",\"valueRequired\":true,\"valueName\":\"search_term_string\"}}],\"inLanguage\":\"en-US\"}]}<\/script>\n<!-- \/ Yoast SEO Premium plugin. -->","yoast_head_json":{"title":"Lepus II - Wolvex Makina","robots":{"index":"index","follow":"follow","max-snippet":"max-snippet:-1","max-image-preview":"max-image-preview:large","max-video-preview":"max-video-preview:-1"},"canonical":"https:\/\/wolvexmakina.com\/en\/urun\/lepus-ii-2\/","og_locale":"en_US","og_type":"article","og_title":"Lepus II","og_description":"CNC Controlled Aluminum Composite Panel Processing Machine (3 Axis) - 4 m It is used for jointing, machining and sizing operations of composite panels and sheets.   Composite plate fixing with strong vacuuming and superior processing quality  Tool changing magazine: 4 independent fan cooled spindle motor capacity  Wood and plastic sheet machining with milling cutter replacement  Ideal vacuuming with channels on the polyethylene table  2D CAD CAM graphics and optimization software  2,5 saniyede tak\u0131m de\u011fi\u015ftirme  Vacuuming in independent sections","og_url":"https:\/\/wolvexmakina.com\/en\/urun\/lepus-ii-2\/","og_site_name":"Wolvex Makina","og_image":[{"width":1920,"height":946,"url":"https:\/\/wolvexmakina.com\/wp-content\/uploads\/2022\/01\/LEPUS-.png","type":"image\/png"}],"twitter_card":"summary_large_image","schema":{"@context":"https:\/\/schema.org","@graph":[{"@type":"WebPage","@id":"https:\/\/wolvexmakina.com\/en\/urun\/lepus-ii-2\/","url":"https:\/\/wolvexmakina.com\/en\/urun\/lepus-ii-2\/","name":"Lepus II - Wolvex Makina","isPartOf":{"@id":"https:\/\/wolvexmakina.com\/#website"},"primaryImageOfPage":{"@id":"https:\/\/wolvexmakina.com\/en\/urun\/lepus-ii-2\/#primaryimage"},"image":{"@id":"https:\/\/wolvexmakina.com\/en\/urun\/lepus-ii-2\/#primaryimage"},"thumbnailUrl":"https:\/\/wolvexmakina.com\/wp-content\/uploads\/2022\/01\/LEPUS-.png","datePublished":"2022-01-13T10:33:08+00:00","breadcrumb":{"@id":"https:\/\/wolvexmakina.com\/en\/urun\/lepus-ii-2\/#breadcrumb"},"inLanguage":"en-US","potentialAction":[{"@type":"ReadAction","target":["https:\/\/wolvexmakina.com\/en\/urun\/lepus-ii-2\/"]}]},{"@type":"ImageObject","inLanguage":"en-US","@id":"https:\/\/wolvexmakina.com\/en\/urun\/lepus-ii-2\/#primaryimage","url":"https:\/\/wolvexmakina.com\/wp-content\/uploads\/2022\/01\/LEPUS-.png","contentUrl":"https:\/\/wolvexmakina.com\/wp-content\/uploads\/2022\/01\/LEPUS-.png","width":1920,"height":946},{"@type":"BreadcrumbList","@id":"https:\/\/wolvexmakina.com\/en\/urun\/lepus-ii-2\/#breadcrumb","itemListElement":[{"@type":"ListItem","position":1,"name":"Home","item":"https:\/\/wolvexmakina.com\/en\/"},{"@type":"ListItem","position":2,"name":"\u00dcr\u00fcnler","item":"https:\/\/wolvexmakina.com\/urunler\/"},{"@type":"ListItem","position":3,"name":"Lepus II"}]},{"@type":"WebSite","@id":"https:\/\/wolvexmakina.com\/#website","url":"https:\/\/wolvexmakina.com\/","name":"Wolvex Makina","description":"","potentialAction":[{"@type":"SearchAction","target":{"@type":"EntryPoint","urlTemplate":"https:\/\/wolvexmakina.com\/?s={search_term_string}"},"query-input":{"@type":"PropertyValueSpecification","valueRequired":true,"valueName":"search_term_string"}}],"inLanguage":"en-US"}]}},"_links":{"self":[{"href":"https:\/\/wolvexmakina.com\/en\/wp-json\/wp\/v2\/product\/2158","targetHints":{"allow":["GET"]}}],"collection":[{"href":"https:\/\/wolvexmakina.com\/en\/wp-json\/wp\/v2\/product"}],"about":[{"href":"https:\/\/wolvexmakina.com\/en\/wp-json\/wp\/v2\/types\/product"}],"wp:featuredmedia":[{"embeddable":true,"href":"https:\/\/wolvexmakina.com\/en\/wp-json\/wp\/v2\/media\/1835"}],"wp:attachment":[{"href":"https:\/\/wolvexmakina.com\/en\/wp-json\/wp\/v2\/media?parent=2158"}],"wp:term":[{"taxonomy":"product_brand","embeddable":true,"href":"https:\/\/wolvexmakina.com\/en\/wp-json\/wp\/v2\/product_brand?post=2158"},{"taxonomy":"product_cat","embeddable":true,"href":"https:\/\/wolvexmakina.com\/en\/wp-json\/wp\/v2\/product_cat?post=2158"},{"taxonomy":"product_tag","embeddable":true,"href":"https:\/\/wolvexmakina.com\/en\/wp-json\/wp\/v2\/product_tag?post=2158"}],"curies":[{"name":"wp","href":"https:\/\/api.w.org\/{rel}","templated":true}]}}