{"id":2161,"date":"2022-01-13T13:15:56","date_gmt":"2022-01-13T10:15:56","guid":{"rendered":"https:\/\/wolvexmakina.com\/urun\/garnet-xs\/"},"modified":"2022-01-13T13:15:56","modified_gmt":"2022-01-13T10:15:56","slug":"garnet-xs-2","status":"publish","type":"product","link":"https:\/\/wolvexmakina.com\/en\/urun\/garnet-xs-2\/","title":{"rendered":"Garnet XS"},"content":{"rendered":"<p>[pdf-embedder url=&#8221;https:\/\/wolvexmakina.com\/wp-content\/uploads\/GARNET-XS.pdf&#8221; title=&#8221;GARNET XS&#8221;]<\/p>\n","protected":false},"excerpt":{"rendered":"<p style=\"text-align: left;\"><strong>CNC Profile Machining Center (3+1 Axis)<\/strong><\/p>\n<p style=\"text-align: left;\">It is used for milling, water drainage channel opening, drilling, marking and notching operations of aluminum and PVC profiles together.<\/p>\n<ul>\n<li style=\"text-align: left;\">Non-standard special operations on different profiles<\/li>\n<li style=\"text-align: left;\"> CNC based control system<\/li>\n<li style=\"text-align: left;\"> Ability to operate at fixed angles of -90\u00b0, 0, +90\u00b0<\/li>\n<li style=\"text-align: left;\"> Otomatik tak\u0131m de\u011fi\u015ftirme<\/li>\n<li style=\"text-align: left;\"> Built-in 8+1 automatic tool magazine<\/li>\n<li style=\"text-align: left;\">Automatic vise positioning<\/li>\n<li style=\"text-align: left;\">Touch Screen<\/li>\n<li style=\"text-align: left;\">Remote access<\/li>\n<li style=\"text-align: left;\">Remote network connection, data transfer via Ethernet and USB<\/li>\n<li style=\"text-align: left;\">High processing capacity that increases productivity<\/li>\n<li style=\"text-align: left;\">Ability to process profiles over 3000 mm thanks to the double backing system<\/li>\n<li style=\"text-align: left;\">\u0130\u015fleme alan\u0131nda otomatik ya\u011flama<\/li>\n<\/ul>\n<p style=\"align: left;\"><div class=\"icon_box icon_position_ no_border\"><a class=\"\" href=\"https:\/\/wolvexmakina.com\/wp-content\/uploads\/GARNET-XS.pdf\" target=\"_blank\"  title=\"\"><div class=\"icon_wrapper\"><div class=\"icon\"><i class=\"icon-acrobat\" aria-hidden=\"true\"><\/i><\/div><\/div><div class=\"desc_wrapper\"><h4 class=\"title \">CLICK TO VIEW AS PDF<\/h4><\/div><\/a><\/div>\n<\/p>\n","protected":false},"featured_media":1822,"template":"","meta":{"_joinchat":[]},"product_brand":[],"product_cat":[91,114],"product_tag":[],"class_list":{"0":"post-2161","1":"product","2":"type-product","3":"status-publish","4":"has-post-thumbnail","6":"product_cat-center","7":"product_cat-center-profile-machining-processing","9":"first","10":"instock","11":"shipping-taxable","12":"product-type-simple"},"yoast_head":"<!-- This site is optimized with the Yoast SEO Premium plugin v25.2 (Yoast SEO v25.4) - https:\/\/yoast.com\/wordpress\/plugins\/seo\/ -->\n<title>Garnet XS - Wolvex Makina<\/title>\n<meta name=\"robots\" content=\"index, follow, max-snippet:-1, max-image-preview:large, max-video-preview:-1\" \/>\n<link rel=\"canonical\" href=\"https:\/\/wolvexmakina.com\/urun\/garnet-xs\/\" \/>\n<meta property=\"og:locale\" content=\"en_US\" \/>\n<meta property=\"og:type\" content=\"article\" \/>\n<meta property=\"og:title\" content=\"Garnet XS\" \/>\n<meta property=\"og:description\" content=\"CNC Profile Machining Center (3+1 Axis) It is used for milling, water drainage channel opening, drilling, marking and notching operations of aluminum and PVC profiles together.   Non-standard special operations on different profiles  CNC based control system  Ability to operate at fixed angles of -90\u00b0, 0, +90\u00b0  Otomatik tak\u0131m de\u011fi\u015ftirme  Built-in 8+1 automatic tool magazine  Automatic vise positioning  Touch Screen  Remote access  Remote network connection, data transfer via Ethernet and USB  High processing capacity that increases productivity  Ability to process profiles over 3000 mm thanks to the double backing system  \u0130\u015fleme alan\u0131nda otomatik ya\u011flama\" \/>\n<meta property=\"og:url\" content=\"https:\/\/wolvexmakina.com\/urun\/garnet-xs\/\" \/>\n<meta property=\"og:site_name\" content=\"Wolvex Makina\" \/>\n<meta property=\"og:image\" content=\"https:\/\/wolvexmakina.com\/wp-content\/uploads\/2022\/01\/GARNET-X-S.jpeg\" \/>\n\t<meta property=\"og:image:width\" content=\"800\" \/>\n\t<meta property=\"og:image:height\" content=\"450\" \/>\n\t<meta property=\"og:image:type\" content=\"image\/jpeg\" \/>\n<meta name=\"twitter:card\" content=\"summary_large_image\" \/>\n<script type=\"application\/ld+json\" class=\"yoast-schema-graph\">{\"@context\":\"https:\/\/schema.org\",\"@graph\":[{\"@type\":\"WebPage\",\"@id\":\"https:\/\/wolvexmakina.com\/urun\/garnet-xs\/\",\"url\":\"https:\/\/wolvexmakina.com\/urun\/garnet-xs\/\",\"name\":\"Garnet XS - Wolvex Makina\",\"isPartOf\":{\"@id\":\"https:\/\/wolvexmakina.com\/#website\"},\"primaryImageOfPage\":{\"@id\":\"https:\/\/wolvexmakina.com\/urun\/garnet-xs\/#primaryimage\"},\"image\":{\"@id\":\"https:\/\/wolvexmakina.com\/urun\/garnet-xs\/#primaryimage\"},\"thumbnailUrl\":\"https:\/\/wolvexmakina.com\/wp-content\/uploads\/2022\/01\/GARNET-X-S.jpeg\",\"datePublished\":\"2022-01-13T10:15:56+00:00\",\"breadcrumb\":{\"@id\":\"https:\/\/wolvexmakina.com\/urun\/garnet-xs\/#breadcrumb\"},\"inLanguage\":\"en-US\",\"potentialAction\":[{\"@type\":\"ReadAction\",\"target\":[\"https:\/\/wolvexmakina.com\/urun\/garnet-xs\/\"]}]},{\"@type\":\"ImageObject\",\"inLanguage\":\"en-US\",\"@id\":\"https:\/\/wolvexmakina.com\/urun\/garnet-xs\/#primaryimage\",\"url\":\"https:\/\/wolvexmakina.com\/wp-content\/uploads\/2022\/01\/GARNET-X-S.jpeg\",\"contentUrl\":\"https:\/\/wolvexmakina.com\/wp-content\/uploads\/2022\/01\/GARNET-X-S.jpeg\",\"width\":800,\"height\":450},{\"@type\":\"BreadcrumbList\",\"@id\":\"https:\/\/wolvexmakina.com\/urun\/garnet-xs\/#breadcrumb\",\"itemListElement\":[{\"@type\":\"ListItem\",\"position\":1,\"name\":\"Home\",\"item\":\"https:\/\/wolvexmakina.com\/en\/\"},{\"@type\":\"ListItem\",\"position\":2,\"name\":\"\u00dcr\u00fcnler\",\"item\":\"https:\/\/wolvexmakina.com\/urunler\/\"},{\"@type\":\"ListItem\",\"position\":3,\"name\":\"Garnet XS\"}]},{\"@type\":\"WebSite\",\"@id\":\"https:\/\/wolvexmakina.com\/#website\",\"url\":\"https:\/\/wolvexmakina.com\/\",\"name\":\"Wolvex Makina\",\"description\":\"\",\"potentialAction\":[{\"@type\":\"SearchAction\",\"target\":{\"@type\":\"EntryPoint\",\"urlTemplate\":\"https:\/\/wolvexmakina.com\/?s={search_term_string}\"},\"query-input\":{\"@type\":\"PropertyValueSpecification\",\"valueRequired\":true,\"valueName\":\"search_term_string\"}}],\"inLanguage\":\"en-US\"}]}<\/script>\n<!-- \/ Yoast SEO Premium plugin. -->","yoast_head_json":{"title":"Garnet XS - Wolvex Makina","robots":{"index":"index","follow":"follow","max-snippet":"max-snippet:-1","max-image-preview":"max-image-preview:large","max-video-preview":"max-video-preview:-1"},"canonical":"https:\/\/wolvexmakina.com\/urun\/garnet-xs\/","og_locale":"en_US","og_type":"article","og_title":"Garnet XS","og_description":"CNC Profile Machining Center (3+1 Axis) It is used for milling, water drainage channel opening, drilling, marking and notching operations of aluminum and PVC profiles together.   Non-standard special operations on different profiles  CNC based control system  Ability to operate at fixed angles of -90\u00b0, 0, +90\u00b0  Otomatik tak\u0131m de\u011fi\u015ftirme  Built-in 8+1 automatic tool magazine  Automatic vise positioning  Touch Screen  Remote access  Remote network connection, data transfer via Ethernet and USB  High processing capacity that increases productivity  Ability to process profiles over 3000 mm thanks to the double backing system  \u0130\u015fleme alan\u0131nda otomatik ya\u011flama","og_url":"https:\/\/wolvexmakina.com\/urun\/garnet-xs\/","og_site_name":"Wolvex Makina","og_image":[{"width":800,"height":450,"url":"https:\/\/wolvexmakina.com\/wp-content\/uploads\/2022\/01\/GARNET-X-S.jpeg","type":"image\/jpeg"}],"twitter_card":"summary_large_image","schema":{"@context":"https:\/\/schema.org","@graph":[{"@type":"WebPage","@id":"https:\/\/wolvexmakina.com\/urun\/garnet-xs\/","url":"https:\/\/wolvexmakina.com\/urun\/garnet-xs\/","name":"Garnet XS - Wolvex Makina","isPartOf":{"@id":"https:\/\/wolvexmakina.com\/#website"},"primaryImageOfPage":{"@id":"https:\/\/wolvexmakina.com\/urun\/garnet-xs\/#primaryimage"},"image":{"@id":"https:\/\/wolvexmakina.com\/urun\/garnet-xs\/#primaryimage"},"thumbnailUrl":"https:\/\/wolvexmakina.com\/wp-content\/uploads\/2022\/01\/GARNET-X-S.jpeg","datePublished":"2022-01-13T10:15:56+00:00","breadcrumb":{"@id":"https:\/\/wolvexmakina.com\/urun\/garnet-xs\/#breadcrumb"},"inLanguage":"en-US","potentialAction":[{"@type":"ReadAction","target":["https:\/\/wolvexmakina.com\/urun\/garnet-xs\/"]}]},{"@type":"ImageObject","inLanguage":"en-US","@id":"https:\/\/wolvexmakina.com\/urun\/garnet-xs\/#primaryimage","url":"https:\/\/wolvexmakina.com\/wp-content\/uploads\/2022\/01\/GARNET-X-S.jpeg","contentUrl":"https:\/\/wolvexmakina.com\/wp-content\/uploads\/2022\/01\/GARNET-X-S.jpeg","width":800,"height":450},{"@type":"BreadcrumbList","@id":"https:\/\/wolvexmakina.com\/urun\/garnet-xs\/#breadcrumb","itemListElement":[{"@type":"ListItem","position":1,"name":"Home","item":"https:\/\/wolvexmakina.com\/en\/"},{"@type":"ListItem","position":2,"name":"\u00dcr\u00fcnler","item":"https:\/\/wolvexmakina.com\/urunler\/"},{"@type":"ListItem","position":3,"name":"Garnet XS"}]},{"@type":"WebSite","@id":"https:\/\/wolvexmakina.com\/#website","url":"https:\/\/wolvexmakina.com\/","name":"Wolvex Makina","description":"","potentialAction":[{"@type":"SearchAction","target":{"@type":"EntryPoint","urlTemplate":"https:\/\/wolvexmakina.com\/?s={search_term_string}"},"query-input":{"@type":"PropertyValueSpecification","valueRequired":true,"valueName":"search_term_string"}}],"inLanguage":"en-US"}]}},"_links":{"self":[{"href":"https:\/\/wolvexmakina.com\/en\/wp-json\/wp\/v2\/product\/2161","targetHints":{"allow":["GET"]}}],"collection":[{"href":"https:\/\/wolvexmakina.com\/en\/wp-json\/wp\/v2\/product"}],"about":[{"href":"https:\/\/wolvexmakina.com\/en\/wp-json\/wp\/v2\/types\/product"}],"wp:featuredmedia":[{"embeddable":true,"href":"https:\/\/wolvexmakina.com\/en\/wp-json\/wp\/v2\/media\/1822"}],"wp:attachment":[{"href":"https:\/\/wolvexmakina.com\/en\/wp-json\/wp\/v2\/media?parent=2161"}],"wp:term":[{"taxonomy":"product_brand","embeddable":true,"href":"https:\/\/wolvexmakina.com\/en\/wp-json\/wp\/v2\/product_brand?post=2161"},{"taxonomy":"product_cat","embeddable":true,"href":"https:\/\/wolvexmakina.com\/en\/wp-json\/wp\/v2\/product_cat?post=2161"},{"taxonomy":"product_tag","embeddable":true,"href":"https:\/\/wolvexmakina.com\/en\/wp-json\/wp\/v2\/product_tag?post=2161"}],"curies":[{"name":"wp","href":"https:\/\/api.w.org\/{rel}","templated":true}]}}