{"id":2186,"date":"2022-01-13T12:36:02","date_gmt":"2022-01-13T09:36:02","guid":{"rendered":"https:\/\/wolvexmakina.com\/urun\/gemini-vr\/"},"modified":"2022-01-13T12:36:02","modified_gmt":"2022-01-13T09:36:02","slug":"gemini-vr-2","status":"publish","type":"product","link":"https:\/\/wolvexmakina.com\/en\/urun\/gemini-vr-2\/","title":{"rendered":"Gemini VR"},"content":{"rendered":"<div class=\"col-sm-6 detail-right-text offset-md-1\">\n<p><strong>Double Head Cutting Machine \u00d8 550 mm<\/strong><\/p>\n<p>It is used for cutting processes of aluminum, plastic and wooden profiles.<\/p>\n<ul>\n<li>Servo controlled axis of rotation<\/li>\n<li>Safe cutting with safety sensor enclosure<\/li>\n<li>Automatic positioning at all intermediate degrees between -22.5\u00b0 and 45\u00b0 angles thanks to the servo motion system<\/li>\n<li>Windows-based industrial PC with touchscreen and easy-to-use practical interface<\/li>\n<li>Remote access<\/li>\n<li>Uzaktan a\u011f ba\u011flant\u0131s\u0131, Ethernet ve USB \u00fczerindenveri aktar\u0131m\u0131<\/li>\n<li>Seri i\u015flem ve hassas kesim<\/li>\n<\/ul>\n<\/div>\n<div class=\"col-lg-6 ml-auto text-left pl-0 pb-2\"><\/div>\n","protected":false},"excerpt":{"rendered":"<p>Double Head Cutting Machine \u00d8 550 mm It is used for cutting processes of aluminum, plastic and wooden profiles. Servo controlled axis of rotation Safe cutting<span class=\"excerpt-hellip\"> [\u2026]<\/span><\/p>\n","protected":false},"featured_media":1828,"template":"","meta":{"_joinchat":[]},"product_brand":[],"product_cat":[82,118],"product_tag":[],"class_list":{"0":"post-2186","1":"product","2":"type-product","3":"status-publish","4":"has-post-thumbnail","6":"product_cat-cutting-machine","7":"product_cat-double-head-cutting-machine","9":"first","10":"instock","11":"shipping-taxable","12":"product-type-simple"},"yoast_head":"<!-- This site is optimized with the Yoast SEO Premium plugin v25.2 (Yoast SEO v25.4) - https:\/\/yoast.com\/wordpress\/plugins\/seo\/ -->\n<title>Gemini VR - Wolvex Makina<\/title>\n<meta name=\"robots\" content=\"index, follow, max-snippet:-1, max-image-preview:large, max-video-preview:-1\" \/>\n<link rel=\"canonical\" href=\"https:\/\/wolvexmakina.com\/urun\/gemini-vr\/\" \/>\n<meta property=\"og:locale\" content=\"en_US\" \/>\n<meta property=\"og:type\" content=\"article\" \/>\n<meta property=\"og:title\" content=\"Gemini VR\" \/>\n<meta property=\"og:description\" content=\"Double Head Cutting Machine \u00d8 550 mm It is used for cutting processes of aluminum, plastic and wooden profiles. Servo controlled axis of rotation Safe cutting [\u2026]\" \/>\n<meta property=\"og:url\" content=\"https:\/\/wolvexmakina.com\/urun\/gemini-vr\/\" \/>\n<meta property=\"og:site_name\" content=\"Wolvex Makina\" \/>\n<meta property=\"og:image\" content=\"https:\/\/wolvexmakina.com\/wp-content\/uploads\/2022\/01\/GEMINI-VR.jpeg\" \/>\n\t<meta property=\"og:image:width\" content=\"800\" \/>\n\t<meta property=\"og:image:height\" content=\"450\" \/>\n\t<meta property=\"og:image:type\" content=\"image\/jpeg\" \/>\n<meta name=\"twitter:card\" content=\"summary_large_image\" \/>\n<script type=\"application\/ld+json\" class=\"yoast-schema-graph\">{\"@context\":\"https:\/\/schema.org\",\"@graph\":[{\"@type\":\"WebPage\",\"@id\":\"https:\/\/wolvexmakina.com\/urun\/gemini-vr\/\",\"url\":\"https:\/\/wolvexmakina.com\/urun\/gemini-vr\/\",\"name\":\"Gemini VR - Wolvex Makina\",\"isPartOf\":{\"@id\":\"https:\/\/wolvexmakina.com\/#website\"},\"primaryImageOfPage\":{\"@id\":\"https:\/\/wolvexmakina.com\/urun\/gemini-vr\/#primaryimage\"},\"image\":{\"@id\":\"https:\/\/wolvexmakina.com\/urun\/gemini-vr\/#primaryimage\"},\"thumbnailUrl\":\"https:\/\/wolvexmakina.com\/wp-content\/uploads\/2022\/01\/GEMINI-VR.jpeg\",\"datePublished\":\"2022-01-13T09:36:02+00:00\",\"breadcrumb\":{\"@id\":\"https:\/\/wolvexmakina.com\/urun\/gemini-vr\/#breadcrumb\"},\"inLanguage\":\"en-US\",\"potentialAction\":[{\"@type\":\"ReadAction\",\"target\":[\"https:\/\/wolvexmakina.com\/urun\/gemini-vr\/\"]}]},{\"@type\":\"ImageObject\",\"inLanguage\":\"en-US\",\"@id\":\"https:\/\/wolvexmakina.com\/urun\/gemini-vr\/#primaryimage\",\"url\":\"https:\/\/wolvexmakina.com\/wp-content\/uploads\/2022\/01\/GEMINI-VR.jpeg\",\"contentUrl\":\"https:\/\/wolvexmakina.com\/wp-content\/uploads\/2022\/01\/GEMINI-VR.jpeg\",\"width\":800,\"height\":450},{\"@type\":\"BreadcrumbList\",\"@id\":\"https:\/\/wolvexmakina.com\/urun\/gemini-vr\/#breadcrumb\",\"itemListElement\":[{\"@type\":\"ListItem\",\"position\":1,\"name\":\"Home\",\"item\":\"https:\/\/wolvexmakina.com\/en\/\"},{\"@type\":\"ListItem\",\"position\":2,\"name\":\"\u00dcr\u00fcnler\",\"item\":\"https:\/\/wolvexmakina.com\/urunler\/\"},{\"@type\":\"ListItem\",\"position\":3,\"name\":\"Gemini VR\"}]},{\"@type\":\"WebSite\",\"@id\":\"https:\/\/wolvexmakina.com\/#website\",\"url\":\"https:\/\/wolvexmakina.com\/\",\"name\":\"Wolvex Makina\",\"description\":\"\",\"potentialAction\":[{\"@type\":\"SearchAction\",\"target\":{\"@type\":\"EntryPoint\",\"urlTemplate\":\"https:\/\/wolvexmakina.com\/?s={search_term_string}\"},\"query-input\":{\"@type\":\"PropertyValueSpecification\",\"valueRequired\":true,\"valueName\":\"search_term_string\"}}],\"inLanguage\":\"en-US\"}]}<\/script>\n<!-- \/ Yoast SEO Premium plugin. -->","yoast_head_json":{"title":"Gemini VR - Wolvex Makina","robots":{"index":"index","follow":"follow","max-snippet":"max-snippet:-1","max-image-preview":"max-image-preview:large","max-video-preview":"max-video-preview:-1"},"canonical":"https:\/\/wolvexmakina.com\/urun\/gemini-vr\/","og_locale":"en_US","og_type":"article","og_title":"Gemini VR","og_description":"Double Head Cutting Machine \u00d8 550 mm It is used for cutting processes of aluminum, plastic and wooden profiles. Servo controlled axis of rotation Safe cutting [\u2026]","og_url":"https:\/\/wolvexmakina.com\/urun\/gemini-vr\/","og_site_name":"Wolvex Makina","og_image":[{"width":800,"height":450,"url":"https:\/\/wolvexmakina.com\/wp-content\/uploads\/2022\/01\/GEMINI-VR.jpeg","type":"image\/jpeg"}],"twitter_card":"summary_large_image","schema":{"@context":"https:\/\/schema.org","@graph":[{"@type":"WebPage","@id":"https:\/\/wolvexmakina.com\/urun\/gemini-vr\/","url":"https:\/\/wolvexmakina.com\/urun\/gemini-vr\/","name":"Gemini VR - Wolvex Makina","isPartOf":{"@id":"https:\/\/wolvexmakina.com\/#website"},"primaryImageOfPage":{"@id":"https:\/\/wolvexmakina.com\/urun\/gemini-vr\/#primaryimage"},"image":{"@id":"https:\/\/wolvexmakina.com\/urun\/gemini-vr\/#primaryimage"},"thumbnailUrl":"https:\/\/wolvexmakina.com\/wp-content\/uploads\/2022\/01\/GEMINI-VR.jpeg","datePublished":"2022-01-13T09:36:02+00:00","breadcrumb":{"@id":"https:\/\/wolvexmakina.com\/urun\/gemini-vr\/#breadcrumb"},"inLanguage":"en-US","potentialAction":[{"@type":"ReadAction","target":["https:\/\/wolvexmakina.com\/urun\/gemini-vr\/"]}]},{"@type":"ImageObject","inLanguage":"en-US","@id":"https:\/\/wolvexmakina.com\/urun\/gemini-vr\/#primaryimage","url":"https:\/\/wolvexmakina.com\/wp-content\/uploads\/2022\/01\/GEMINI-VR.jpeg","contentUrl":"https:\/\/wolvexmakina.com\/wp-content\/uploads\/2022\/01\/GEMINI-VR.jpeg","width":800,"height":450},{"@type":"BreadcrumbList","@id":"https:\/\/wolvexmakina.com\/urun\/gemini-vr\/#breadcrumb","itemListElement":[{"@type":"ListItem","position":1,"name":"Home","item":"https:\/\/wolvexmakina.com\/en\/"},{"@type":"ListItem","position":2,"name":"\u00dcr\u00fcnler","item":"https:\/\/wolvexmakina.com\/urunler\/"},{"@type":"ListItem","position":3,"name":"Gemini VR"}]},{"@type":"WebSite","@id":"https:\/\/wolvexmakina.com\/#website","url":"https:\/\/wolvexmakina.com\/","name":"Wolvex Makina","description":"","potentialAction":[{"@type":"SearchAction","target":{"@type":"EntryPoint","urlTemplate":"https:\/\/wolvexmakina.com\/?s={search_term_string}"},"query-input":{"@type":"PropertyValueSpecification","valueRequired":true,"valueName":"search_term_string"}}],"inLanguage":"en-US"}]}},"_links":{"self":[{"href":"https:\/\/wolvexmakina.com\/en\/wp-json\/wp\/v2\/product\/2186","targetHints":{"allow":["GET"]}}],"collection":[{"href":"https:\/\/wolvexmakina.com\/en\/wp-json\/wp\/v2\/product"}],"about":[{"href":"https:\/\/wolvexmakina.com\/en\/wp-json\/wp\/v2\/types\/product"}],"wp:featuredmedia":[{"embeddable":true,"href":"https:\/\/wolvexmakina.com\/en\/wp-json\/wp\/v2\/media\/1828"}],"wp:attachment":[{"href":"https:\/\/wolvexmakina.com\/en\/wp-json\/wp\/v2\/media?parent=2186"}],"wp:term":[{"taxonomy":"product_brand","embeddable":true,"href":"https:\/\/wolvexmakina.com\/en\/wp-json\/wp\/v2\/product_brand?post=2186"},{"taxonomy":"product_cat","embeddable":true,"href":"https:\/\/wolvexmakina.com\/en\/wp-json\/wp\/v2\/product_cat?post=2186"},{"taxonomy":"product_tag","embeddable":true,"href":"https:\/\/wolvexmakina.com\/en\/wp-json\/wp\/v2\/product_tag?post=2186"}],"curies":[{"name":"wp","href":"https:\/\/api.w.org\/{rel}","templated":true}]}}